{"id":74,"date":"2022-01-18T12:45:24","date_gmt":"2022-01-18T12:45:24","guid":{"rendered":"https:\/\/inzaubertheater.live-website.com\/?page_id=74"},"modified":"2026-02-18T16:23:53","modified_gmt":"2026-02-18T16:23:53","slug":"kindergeburtstagszauber","status":"publish","type":"page","link":"https:\/\/zauberkunsttheater-breno.de\/?page_id=74","title":{"rendered":"Private Feiern &#8211; Geburtstage"},"content":{"rendered":"\n<p class=\"has-text-align-center has-vivid-red-color has-text-color has-large-font-size\"><mark style=\"background-color:rgba(0, 0, 0, 0)\" class=\"has-inline-color has-vivid-green-cyan-color\">K<\/mark>inder<mark style=\"background-color:rgba(0, 0, 0, 0);color:#031ef0\" class=\"has-inline-color\">G<\/mark>eburtstags<mark style=\"background-color:rgba(0, 0, 0, 0)\" class=\"has-inline-color has-luminous-vivid-amber-color\">Z<\/mark>auber!<\/p>\n\n\n\n<p class=\"has-text-align-center has-medium-font-size\">kindgem\u00e4\u00df-p\u00e4dagogisch gepr\u00fcfte Zaubervorstellung<\/p>\n\n\n\n<p class=\"has-text-align-center\" style=\"font-size:25px\"><strong>Dauer 30 Minuten<\/strong><\/p>\n\n\n\n<p class=\"has-text-align-center has-medium-font-size\"><strong>Zus\u00e4tzlich<br>kann gebucht werden:<\/strong><\/p>\n\n\n\n<p class=\"has-medium-font-size\">&#8222;Zauberworkshop f\u00fcr Kinder&#8220;<\/p>\n\n\n\n<p class=\"has-medium-font-size\">Die Anzahl der Zaubertricks sollten auf alle F\u00e4lle zeitlich auf die zus\u00e4tzlich gebuchte Dauer (30 bis 120 Min) abgestimmt werden. Der <strong>Preis je Trick ist in der Liste<\/strong> mit angegeben, die ich Ihnen <strong>per Post<\/strong> zusende. Zudem kommt noch der Preis f\u00fcr die Zeitaufwendung f\u00fcr den Workshop. Rechnen Sie mit ca. 5 &#8211; 10 Minuten je Teilnehmer. F\u00fcr 10 Kinder + Geburtstagskind ca. 60 Minuten f\u00fcr 3 Zaubertricks (eines wird gebastelt, die beiden anderen sind bereits vorbereitet.) einstudieren. Das Geburtstagskind wird dabei preislich nicht eingerechnet.<\/p>\n\n\n\n<p class=\"has-medium-font-size\"><strong>Empfehlung:<\/strong><\/p>\n\n\n\n<p class=\"has-medium-font-size\"><strong>Zaubertricks<\/strong> (Anzahl individuell je nach Budget)\u00a0die einstudiert werden sollen, k\u00f6nnen <strong>frei ausgew\u00e4hlt<\/strong> werden, und bringt Pierre Breno vorgefertigt mit. Preisliste erhalten Sie per e-Mail. Kinder nehmen die Zaubertricks mit (zus\u00e4tzlicher Vorf\u00fchranleitung zum Nachlesen)\u00a0 mit nach Hause. Ich berate Sie gerne bez\u00fcglich des Gesamtengagements. Zauberworkshop Dauer von mindestens 30 bis 120 Minuten wird angeboten. Das Gesamtarrangement ist sicherlich ein Erlebnisgeburtstag der lange anh\u00e4lt. Es ist also m\u00f6glich Pierre Breno mit <strong>Zaubervorstellung und Zauberworkshop bis zu maximal 3 Stunden (180 Minuten zu buchen).<\/strong><\/p>\n\n\n\n<p class=\"has-medium-font-size\"><strong>Wenn Sie nur einen Zauberworkshop,<\/strong><\/p>\n\n\n\n<p class=\"has-medium-font-size\">also ohne Zaubervorstellung zum Kindergeburtstag\u00a0 buchen m\u00f6chten, ist das ebenso m\u00f6glich. Ich bitte diesbez\u00fcglich \u00fcber Dauer, Kosten und Trickzusammenstellung mit meinem B\u00fcro Kontakt aufzunehmen.<\/p>\n\n\n<div class=\"wp-block-image\">\n<figure class=\"aligncenter size-full\"><img loading=\"lazy\" decoding=\"async\" width=\"297\" height=\"59\" src=\"https:\/\/zauberkunsttheater-breno.de\/wp-content\/uploads\/2022\/01\/Spielkartenfarben.png\" alt=\"Zeilenrenner mit Skatsymbolen\" class=\"wp-image-39\"\/><\/figure>\n<\/div>\n\n\n<p class=\"has-text-align-center has-text-color\" style=\"color:#031ef0;font-size:30px\"><strong>Familienfeiern,&nbsp; Hochzeiten, Geburtstage<\/strong><\/p>\n\n\n\n<p class=\"has-text-align-center has-medium-font-size\">Eine zauberhafte \u00dcberraschung f\u00fcr die, die schon alles haben:<\/p>\n\n\n\n<p class=\"has-text-align-center has-vivid-purple-color has-text-color\" style=\"font-size:30px\"><strong>&#8222;Die Magie des Pierre Breno&#8220;<\/strong><\/p>\n\n\n\n<p class=\"has-text-align-center\"><strong>von der B\u00fchnenshow bis Close up am Tisch<\/strong><\/p>\n\n\n\n<p class=\"has-text-align-center\">Preis richtet sich nach Dauer und Anzahl der G\u00e4ste<\/p>\n\n\n<div class=\"wp-block-image\">\n<figure class=\"aligncenter size-full\"><img loading=\"lazy\" decoding=\"async\" width=\"297\" height=\"59\" src=\"https:\/\/zauberkunsttheater-breno.de\/wp-content\/uploads\/2022\/01\/Spielkartenfarben.png\" alt=\"Zeilenrenner mit Skatsymbolen\" class=\"wp-image-39\"\/><\/figure>\n<\/div>\n\n\n<p><\/p>\n","protected":false},"excerpt":{"rendered":"<p>KinderGeburtstagsZauber! kindgem\u00e4\u00df-p\u00e4dagogisch gepr\u00fcfte Zaubervorstellung Dauer 30 Minuten Zus\u00e4tzlichkann gebucht werden: &#8222;Zauberworkshop f\u00fcr Kinder&#8220; Die Anzahl der Zaubertricks sollten auf alle F\u00e4lle zeitlich auf die zus\u00e4tzlich gebuchte Dauer (30 bis 120 Min) abgestimmt werden. Der Preis je Trick ist in der Liste mit angegeben, die ich Ihnen per Post zusende. Zudem kommt noch der Preis f\u00fcr die Zeitaufwendung f\u00fcr den Workshop.<\/p>\n<p><a class=\"more-link\" href=\"https:\/\/zauberkunsttheater-breno.de\/?page_id=74\">Weiterlesen<\/a><\/p>\n","protected":false},"author":1,"featured_media":0,"parent":0,"menu_order":120,"comment_status":"closed","ping_status":"closed","template":"","meta":{"footnotes":""},"class_list":["post-74","page","type-page","status-publish","hentry"],"yoast_head":"<!-- This site is optimized with the Yoast SEO plugin v27.4 - https:\/\/yoast.com\/product\/yoast-seo-wordpress\/ -->\n<title>Private Feiern - Geburtstage - ZauberKunstTheater-Breno<\/title>\n<meta name=\"description\" content=\"Der bekannte Zauberk\u00fcnstler und Magier verzaubert private Feiern u. Geburtstag. &quot;KinderGeburtstagsZauber&quot; wird zum einmaligen Erlebnis.\" \/>\n<meta name=\"robots\" content=\"index, follow, max-snippet:-1, max-image-preview:large, max-video-preview:-1\" \/>\n<link rel=\"canonical\" href=\"https:\/\/zauberkunsttheater-breno.de\/?page_id=74\" \/>\n<meta property=\"og:locale\" content=\"de_DE\" \/>\n<meta property=\"og:type\" content=\"article\" \/>\n<meta property=\"og:title\" content=\"Private Feiern - Geburtstage - ZauberKunstTheater-Breno\" \/>\n<meta property=\"og:description\" content=\"Der bekannte Zauberk\u00fcnstler und Magier verzaubert private Feiern u. Geburtstag. &quot;KinderGeburtstagsZauber&quot; wird zum einmaligen Erlebnis.\" \/>\n<meta property=\"og:url\" content=\"https:\/\/zauberkunsttheater-breno.de\/?page_id=74\" \/>\n<meta property=\"og:site_name\" content=\"ZauberKunstTheater-Breno\" \/>\n<meta property=\"article:modified_time\" content=\"2026-02-18T16:23:53+00:00\" \/>\n<meta property=\"og:image\" content=\"https:\/\/zauberkunsttheater-breno.de\/wp-content\/uploads\/2022\/01\/Spielkartenfarben.png\" \/>\n\t<meta property=\"og:image:width\" content=\"297\" \/>\n\t<meta property=\"og:image:height\" content=\"59\" \/>\n\t<meta property=\"og:image:type\" content=\"image\/png\" \/>\n<meta name=\"twitter:card\" content=\"summary_large_image\" \/>\n<meta name=\"twitter:label1\" content=\"Gesch\u00e4tzte Lesezeit\" \/>\n\t<meta name=\"twitter:data1\" content=\"2\u00a0Minuten\" \/>\n<script type=\"application\/ld+json\" class=\"yoast-schema-graph\">{\"@context\":\"https:\\\/\\\/schema.org\",\"@graph\":[{\"@type\":\"WebPage\",\"@id\":\"https:\\\/\\\/zauberkunsttheater-breno.de\\\/?page_id=74\",\"url\":\"https:\\\/\\\/zauberkunsttheater-breno.de\\\/?page_id=74\",\"name\":\"Private Feiern - Geburtstage - ZauberKunstTheater-Breno\",\"isPartOf\":{\"@id\":\"https:\\\/\\\/zauberkunsttheater-breno.de\\\/#website\"},\"primaryImageOfPage\":{\"@id\":\"https:\\\/\\\/zauberkunsttheater-breno.de\\\/?page_id=74#primaryimage\"},\"image\":{\"@id\":\"https:\\\/\\\/zauberkunsttheater-breno.de\\\/?page_id=74#primaryimage\"},\"thumbnailUrl\":\"https:\\\/\\\/zauberkunsttheater-breno.de\\\/wp-content\\\/uploads\\\/2022\\\/01\\\/Spielkartenfarben.png\",\"datePublished\":\"2022-01-18T12:45:24+00:00\",\"dateModified\":\"2026-02-18T16:23:53+00:00\",\"description\":\"Der bekannte Zauberk\u00fcnstler und Magier verzaubert private Feiern u. Geburtstag. \\\"KinderGeburtstagsZauber\\\" wird zum einmaligen Erlebnis.\",\"breadcrumb\":{\"@id\":\"https:\\\/\\\/zauberkunsttheater-breno.de\\\/?page_id=74#breadcrumb\"},\"inLanguage\":\"de\",\"potentialAction\":[{\"@type\":\"ReadAction\",\"target\":[\"https:\\\/\\\/zauberkunsttheater-breno.de\\\/?page_id=74\"]}]},{\"@type\":\"ImageObject\",\"inLanguage\":\"de\",\"@id\":\"https:\\\/\\\/zauberkunsttheater-breno.de\\\/?page_id=74#primaryimage\",\"url\":\"https:\\\/\\\/zauberkunsttheater-breno.de\\\/wp-content\\\/uploads\\\/2022\\\/01\\\/Spielkartenfarben.png\",\"contentUrl\":\"https:\\\/\\\/zauberkunsttheater-breno.de\\\/wp-content\\\/uploads\\\/2022\\\/01\\\/Spielkartenfarben.png\",\"width\":297,\"height\":59,\"caption\":\"Zeilenrenner mit Skatsymbolen\"},{\"@type\":\"BreadcrumbList\",\"@id\":\"https:\\\/\\\/zauberkunsttheater-breno.de\\\/?page_id=74#breadcrumb\",\"itemListElement\":[{\"@type\":\"ListItem\",\"position\":1,\"name\":\"Startseite\",\"item\":\"https:\\\/\\\/zauberkunsttheater-breno.de\\\/\"},{\"@type\":\"ListItem\",\"position\":2,\"name\":\"Private Feiern &#8211; Geburtstage\"}]},{\"@type\":\"WebSite\",\"@id\":\"https:\\\/\\\/zauberkunsttheater-breno.de\\\/#website\",\"url\":\"https:\\\/\\\/zauberkunsttheater-breno.de\\\/\",\"name\":\"ZauberKunstTheater-Breno\",\"description\":\"\",\"publisher\":{\"@id\":\"https:\\\/\\\/zauberkunsttheater-breno.de\\\/#organization\"},\"potentialAction\":[{\"@type\":\"SearchAction\",\"target\":{\"@type\":\"EntryPoint\",\"urlTemplate\":\"https:\\\/\\\/zauberkunsttheater-breno.de\\\/?s={search_term_string}\"},\"query-input\":{\"@type\":\"PropertyValueSpecification\",\"valueRequired\":true,\"valueName\":\"search_term_string\"}}],\"inLanguage\":\"de\"},{\"@type\":\"Organization\",\"@id\":\"https:\\\/\\\/zauberkunsttheater-breno.de\\\/#organization\",\"name\":\"ZauberKunstTheater-Breno\",\"url\":\"https:\\\/\\\/zauberkunsttheater-breno.de\\\/\",\"logo\":{\"@type\":\"ImageObject\",\"inLanguage\":\"de\",\"@id\":\"https:\\\/\\\/zauberkunsttheater-breno.de\\\/#\\\/schema\\\/logo\\\/image\\\/\",\"url\":\"https:\\\/\\\/zauberkunsttheater-breno.de\\\/wp-content\\\/uploads\\\/2022\\\/01\\\/Breno_Startseite.jpeg\",\"contentUrl\":\"https:\\\/\\\/zauberkunsttheater-breno.de\\\/wp-content\\\/uploads\\\/2022\\\/01\\\/Breno_Startseite.jpeg\",\"width\":611,\"height\":598,\"caption\":\"ZauberKunstTheater-Breno\"},\"image\":{\"@id\":\"https:\\\/\\\/zauberkunsttheater-breno.de\\\/#\\\/schema\\\/logo\\\/image\\\/\"}}]}<\/script>\n<!-- \/ Yoast SEO plugin. -->","yoast_head_json":{"title":"Private Feiern - Geburtstage - ZauberKunstTheater-Breno","description":"Der bekannte Zauberk\u00fcnstler und Magier verzaubert private Feiern u. Geburtstag. \"KinderGeburtstagsZauber\" wird zum einmaligen Erlebnis.","robots":{"index":"index","follow":"follow","max-snippet":"max-snippet:-1","max-image-preview":"max-image-preview:large","max-video-preview":"max-video-preview:-1"},"canonical":"https:\/\/zauberkunsttheater-breno.de\/?page_id=74","og_locale":"de_DE","og_type":"article","og_title":"Private Feiern - Geburtstage - ZauberKunstTheater-Breno","og_description":"Der bekannte Zauberk\u00fcnstler und Magier verzaubert private Feiern u. Geburtstag. \"KinderGeburtstagsZauber\" wird zum einmaligen Erlebnis.","og_url":"https:\/\/zauberkunsttheater-breno.de\/?page_id=74","og_site_name":"ZauberKunstTheater-Breno","article_modified_time":"2026-02-18T16:23:53+00:00","og_image":[{"width":297,"height":59,"url":"https:\/\/zauberkunsttheater-breno.de\/wp-content\/uploads\/2022\/01\/Spielkartenfarben.png","type":"image\/png"}],"twitter_card":"summary_large_image","twitter_misc":{"Gesch\u00e4tzte Lesezeit":"2\u00a0Minuten"},"schema":{"@context":"https:\/\/schema.org","@graph":[{"@type":"WebPage","@id":"https:\/\/zauberkunsttheater-breno.de\/?page_id=74","url":"https:\/\/zauberkunsttheater-breno.de\/?page_id=74","name":"Private Feiern - Geburtstage - ZauberKunstTheater-Breno","isPartOf":{"@id":"https:\/\/zauberkunsttheater-breno.de\/#website"},"primaryImageOfPage":{"@id":"https:\/\/zauberkunsttheater-breno.de\/?page_id=74#primaryimage"},"image":{"@id":"https:\/\/zauberkunsttheater-breno.de\/?page_id=74#primaryimage"},"thumbnailUrl":"https:\/\/zauberkunsttheater-breno.de\/wp-content\/uploads\/2022\/01\/Spielkartenfarben.png","datePublished":"2022-01-18T12:45:24+00:00","dateModified":"2026-02-18T16:23:53+00:00","description":"Der bekannte Zauberk\u00fcnstler und Magier verzaubert private Feiern u. Geburtstag. \"KinderGeburtstagsZauber\" wird zum einmaligen Erlebnis.","breadcrumb":{"@id":"https:\/\/zauberkunsttheater-breno.de\/?page_id=74#breadcrumb"},"inLanguage":"de","potentialAction":[{"@type":"ReadAction","target":["https:\/\/zauberkunsttheater-breno.de\/?page_id=74"]}]},{"@type":"ImageObject","inLanguage":"de","@id":"https:\/\/zauberkunsttheater-breno.de\/?page_id=74#primaryimage","url":"https:\/\/zauberkunsttheater-breno.de\/wp-content\/uploads\/2022\/01\/Spielkartenfarben.png","contentUrl":"https:\/\/zauberkunsttheater-breno.de\/wp-content\/uploads\/2022\/01\/Spielkartenfarben.png","width":297,"height":59,"caption":"Zeilenrenner mit Skatsymbolen"},{"@type":"BreadcrumbList","@id":"https:\/\/zauberkunsttheater-breno.de\/?page_id=74#breadcrumb","itemListElement":[{"@type":"ListItem","position":1,"name":"Startseite","item":"https:\/\/zauberkunsttheater-breno.de\/"},{"@type":"ListItem","position":2,"name":"Private Feiern &#8211; Geburtstage"}]},{"@type":"WebSite","@id":"https:\/\/zauberkunsttheater-breno.de\/#website","url":"https:\/\/zauberkunsttheater-breno.de\/","name":"ZauberKunstTheater-Breno","description":"","publisher":{"@id":"https:\/\/zauberkunsttheater-breno.de\/#organization"},"potentialAction":[{"@type":"SearchAction","target":{"@type":"EntryPoint","urlTemplate":"https:\/\/zauberkunsttheater-breno.de\/?s={search_term_string}"},"query-input":{"@type":"PropertyValueSpecification","valueRequired":true,"valueName":"search_term_string"}}],"inLanguage":"de"},{"@type":"Organization","@id":"https:\/\/zauberkunsttheater-breno.de\/#organization","name":"ZauberKunstTheater-Breno","url":"https:\/\/zauberkunsttheater-breno.de\/","logo":{"@type":"ImageObject","inLanguage":"de","@id":"https:\/\/zauberkunsttheater-breno.de\/#\/schema\/logo\/image\/","url":"https:\/\/zauberkunsttheater-breno.de\/wp-content\/uploads\/2022\/01\/Breno_Startseite.jpeg","contentUrl":"https:\/\/zauberkunsttheater-breno.de\/wp-content\/uploads\/2022\/01\/Breno_Startseite.jpeg","width":611,"height":598,"caption":"ZauberKunstTheater-Breno"},"image":{"@id":"https:\/\/zauberkunsttheater-breno.de\/#\/schema\/logo\/image\/"}}]}},"_links":{"self":[{"href":"https:\/\/zauberkunsttheater-breno.de\/index.php?rest_route=\/wp\/v2\/pages\/74","targetHints":{"allow":["GET"]}}],"collection":[{"href":"https:\/\/zauberkunsttheater-breno.de\/index.php?rest_route=\/wp\/v2\/pages"}],"about":[{"href":"https:\/\/zauberkunsttheater-breno.de\/index.php?rest_route=\/wp\/v2\/types\/page"}],"author":[{"embeddable":true,"href":"https:\/\/zauberkunsttheater-breno.de\/index.php?rest_route=\/wp\/v2\/users\/1"}],"replies":[{"embeddable":true,"href":"https:\/\/zauberkunsttheater-breno.de\/index.php?rest_route=%2Fwp%2Fv2%2Fcomments&post=74"}],"version-history":[{"count":4,"href":"https:\/\/zauberkunsttheater-breno.de\/index.php?rest_route=\/wp\/v2\/pages\/74\/revisions"}],"predecessor-version":[{"id":1022,"href":"https:\/\/zauberkunsttheater-breno.de\/index.php?rest_route=\/wp\/v2\/pages\/74\/revisions\/1022"}],"wp:attachment":[{"href":"https:\/\/zauberkunsttheater-breno.de\/index.php?rest_route=%2Fwp%2Fv2%2Fmedia&parent=74"}],"curies":[{"name":"wp","href":"https:\/\/api.w.org\/{rel}","templated":true}]}}