{"id":433,"date":"2022-10-23T13:14:05","date_gmt":"2022-10-23T13:14:05","guid":{"rendered":"https:\/\/zauberkunsttheater-breno.de\/?page_id=433"},"modified":"2026-01-15T14:05:35","modified_gmt":"2026-01-15T14:05:35","slug":"zauberkunsttheater-breno-gemaelde-breno","status":"publish","type":"page","link":"https:\/\/zauberkunsttheater-breno.de\/?page_id=433","title":{"rendered":"Gem\u00e4lde &#8222;Modern Art&#8220;. Pierre Breno zeigt sich einer weiteren Kunst zugewandt: seine Gem\u00e4lde in \u00d6l, Acryl, Kohlezeichnung."},"content":{"rendered":"\n<div class=\"wp-block-group\"><div class=\"wp-block-group__inner-container is-layout-flow wp-block-group-is-layout-flow\">\n<h2 class=\"wp-block-heading has-medium-font-size\">Pierre Breno seit Jahrzehnten ein Picasso Fan. \u00dcber 200 Gem\u00e4lde wurden von mit gefertigt. Eine kleine \u00dcbersicht werde ich hier vorstellen. Einige Gem\u00e4lde befinden sich im Eigentum von Museen: Museum f\u00fcr Konkrete Kunst in Ingolstadt und Fr\u00e4nkisches Museum in N\u00fcrnberg.<\/h2>\n\n\n\n<p><\/p>\n<\/div><\/div>\n\n\n\n<div class=\"wp-block-columns is-layout-flex wp-container-core-columns-is-layout-9d6595d7 wp-block-columns-is-layout-flex\">\n<div class=\"wp-block-column is-layout-flow wp-block-column-is-layout-flow\" style=\"flex-basis:100%\"><div class=\"wp-block-image\">\n<figure class=\"aligncenter size-full is-resized\"><img loading=\"lazy\" decoding=\"async\" width=\"960\" height=\"720\" src=\"https:\/\/zauberkunsttheater-breno.de\/wp-content\/uploads\/2022\/10\/Folie22.jpg\" alt=\"Gem\u00e4lde A-17 &quot;Chaos I&quot;, Acryl auf Sperrholz\" class=\"wp-image-446\" style=\"width:703px;height:527px\" srcset=\"https:\/\/zauberkunsttheater-breno.de\/wp-content\/uploads\/2022\/10\/Folie22.jpg 960w, https:\/\/zauberkunsttheater-breno.de\/wp-content\/uploads\/2022\/10\/Folie22-300x225.jpg 300w, https:\/\/zauberkunsttheater-breno.de\/wp-content\/uploads\/2022\/10\/Folie22-768x576.jpg 768w, https:\/\/zauberkunsttheater-breno.de\/wp-content\/uploads\/2022\/10\/Folie22-800x600.jpg 800w, https:\/\/zauberkunsttheater-breno.de\/wp-content\/uploads\/2022\/10\/Folie22-400x300.jpg 400w\" sizes=\"auto, (max-width: 960px) 100vw, 960px\" \/><figcaption class=\"wp-element-caption\"><strong>A-17 Preis ohne Rahmen: 790,00 \u20ac inkl. 7% USt.<\/strong> <\/figcaption><\/figure>\n<\/div><\/div>\n<\/div>\n\n\n<div class=\"wp-block-image\">\n<figure class=\"aligncenter size-full\"><img loading=\"lazy\" decoding=\"async\" width=\"960\" height=\"720\" src=\"https:\/\/zauberkunsttheater-breno.de\/wp-content\/uploads\/2022\/10\/Folie11.jpg\" alt=\"Gem\u00e4lde A-5 &quot;Urknall&quot; Acryl auf Holz\" class=\"wp-image-441\" srcset=\"https:\/\/zauberkunsttheater-breno.de\/wp-content\/uploads\/2022\/10\/Folie11.jpg 960w, https:\/\/zauberkunsttheater-breno.de\/wp-content\/uploads\/2022\/10\/Folie11-300x225.jpg 300w, https:\/\/zauberkunsttheater-breno.de\/wp-content\/uploads\/2022\/10\/Folie11-768x576.jpg 768w, https:\/\/zauberkunsttheater-breno.de\/wp-content\/uploads\/2022\/10\/Folie11-800x600.jpg 800w, https:\/\/zauberkunsttheater-breno.de\/wp-content\/uploads\/2022\/10\/Folie11-400x300.jpg 400w\" sizes=\"auto, (max-width: 960px) 100vw, 960px\" \/><figcaption class=\"wp-element-caption\">A-5 Preis ohne Rahmen: 860,00 \u20ac inkl. 7% USt.<\/figcaption><\/figure>\n<\/div>\n\n<div class=\"wp-block-image\">\n<figure class=\"aligncenter size-full is-resized\"><img loading=\"lazy\" decoding=\"async\" width=\"960\" height=\"720\" src=\"https:\/\/zauberkunsttheater-breno.de\/wp-content\/uploads\/2022\/10\/Folie29.jpg\" alt=\"Gem\u00e4lde A-24 &quot;Akt I&quot;\nAcryl auf Karton\" class=\"wp-image-442\" style=\"width:633px;height:468px\" srcset=\"https:\/\/zauberkunsttheater-breno.de\/wp-content\/uploads\/2022\/10\/Folie29.jpg 960w, https:\/\/zauberkunsttheater-breno.de\/wp-content\/uploads\/2022\/10\/Folie29-300x225.jpg 300w, https:\/\/zauberkunsttheater-breno.de\/wp-content\/uploads\/2022\/10\/Folie29-768x576.jpg 768w, https:\/\/zauberkunsttheater-breno.de\/wp-content\/uploads\/2022\/10\/Folie29-800x600.jpg 800w, https:\/\/zauberkunsttheater-breno.de\/wp-content\/uploads\/2022\/10\/Folie29-400x300.jpg 400w\" sizes=\"auto, (max-width: 960px) 100vw, 960px\" \/><figcaption class=\"wp-element-caption\"><mark style=\"background-color:rgba(0, 0, 0, 0)\" class=\"has-inline-color has-black-color\">A-24 Preis ohne Rahmen: 380,00 \u20ac inkl. 7% USt.<\/mark><\/figcaption><\/figure>\n<\/div>\n\n<div class=\"wp-block-image\">\n<figure class=\"aligncenter size-full\"><img loading=\"lazy\" decoding=\"async\" width=\"960\" height=\"720\" src=\"https:\/\/zauberkunsttheater-breno.de\/wp-content\/uploads\/2022\/10\/Folie26.jpg\" alt=\"Gem\u00e4lde A-21 \u201eKomposition Gem\u00e4lde Nr. 58&quot; Acryl auf Holz\" class=\"wp-image-456\" srcset=\"https:\/\/zauberkunsttheater-breno.de\/wp-content\/uploads\/2022\/10\/Folie26.jpg 960w, https:\/\/zauberkunsttheater-breno.de\/wp-content\/uploads\/2022\/10\/Folie26-300x225.jpg 300w, https:\/\/zauberkunsttheater-breno.de\/wp-content\/uploads\/2022\/10\/Folie26-768x576.jpg 768w, https:\/\/zauberkunsttheater-breno.de\/wp-content\/uploads\/2022\/10\/Folie26-800x600.jpg 800w, https:\/\/zauberkunsttheater-breno.de\/wp-content\/uploads\/2022\/10\/Folie26-400x300.jpg 400w\" sizes=\"auto, (max-width: 960px) 100vw, 960px\" \/><figcaption class=\"wp-element-caption\">A-21 Preis ohne Rahmen: 1.320,00 \u20ac inkl. 7% USt.<\/figcaption><\/figure>\n<\/div>\n\n<div class=\"wp-block-image\">\n<figure class=\"aligncenter size-full\"><img loading=\"lazy\" decoding=\"async\" width=\"960\" height=\"720\" src=\"https:\/\/zauberkunsttheater-breno.de\/wp-content\/uploads\/2022\/10\/Folie8.jpg\" alt=\"Gem\u00e4lde A-2 &quot;See mit Blumen und Palmen&quot; Tempera auf Karton\" class=\"wp-image-457\" srcset=\"https:\/\/zauberkunsttheater-breno.de\/wp-content\/uploads\/2022\/10\/Folie8.jpg 960w, https:\/\/zauberkunsttheater-breno.de\/wp-content\/uploads\/2022\/10\/Folie8-300x225.jpg 300w, https:\/\/zauberkunsttheater-breno.de\/wp-content\/uploads\/2022\/10\/Folie8-768x576.jpg 768w, https:\/\/zauberkunsttheater-breno.de\/wp-content\/uploads\/2022\/10\/Folie8-800x600.jpg 800w, https:\/\/zauberkunsttheater-breno.de\/wp-content\/uploads\/2022\/10\/Folie8-400x300.jpg 400w\" sizes=\"auto, (max-width: 960px) 100vw, 960px\" \/><figcaption class=\"wp-element-caption\">A-2 Preis ohne Rahmen: 900,00 \u20ac inkl. 7% USt.<\/figcaption><\/figure>\n<\/div>\n\n<div class=\"wp-block-image\">\n<figure class=\"aligncenter size-full\"><img loading=\"lazy\" decoding=\"async\" width=\"960\" height=\"720\" src=\"https:\/\/zauberkunsttheater-breno.de\/wp-content\/uploads\/2022\/10\/Folie82.jpg\" alt=\"Gem\u00e4lde A-77 &quot;Akt 3&quot;, Acryl auf Karton\" class=\"wp-image-458\" srcset=\"https:\/\/zauberkunsttheater-breno.de\/wp-content\/uploads\/2022\/10\/Folie82.jpg 960w, https:\/\/zauberkunsttheater-breno.de\/wp-content\/uploads\/2022\/10\/Folie82-300x225.jpg 300w, https:\/\/zauberkunsttheater-breno.de\/wp-content\/uploads\/2022\/10\/Folie82-768x576.jpg 768w, https:\/\/zauberkunsttheater-breno.de\/wp-content\/uploads\/2022\/10\/Folie82-800x600.jpg 800w, https:\/\/zauberkunsttheater-breno.de\/wp-content\/uploads\/2022\/10\/Folie82-400x300.jpg 400w\" sizes=\"auto, (max-width: 960px) 100vw, 960px\" \/><figcaption class=\"wp-element-caption\">A-77 Preis ohne Rahmen: 490,00 \u20ac inkl. 7% USt<\/figcaption><\/figure>\n<\/div>\n\n<div class=\"wp-block-image\">\n<figure class=\"aligncenter size-full\"><img loading=\"lazy\" decoding=\"async\" width=\"960\" height=\"720\" src=\"https:\/\/zauberkunsttheater-breno.de\/wp-content\/uploads\/2022\/10\/Folie67.jpg\" alt=\"Gem\u00e4lde A-62 &quot;Akt in Rot&quot;, Acryl auf Karton\" class=\"wp-image-459\" srcset=\"https:\/\/zauberkunsttheater-breno.de\/wp-content\/uploads\/2022\/10\/Folie67.jpg 960w, https:\/\/zauberkunsttheater-breno.de\/wp-content\/uploads\/2022\/10\/Folie67-300x225.jpg 300w, https:\/\/zauberkunsttheater-breno.de\/wp-content\/uploads\/2022\/10\/Folie67-768x576.jpg 768w, https:\/\/zauberkunsttheater-breno.de\/wp-content\/uploads\/2022\/10\/Folie67-800x600.jpg 800w, https:\/\/zauberkunsttheater-breno.de\/wp-content\/uploads\/2022\/10\/Folie67-400x300.jpg 400w\" sizes=\"auto, (max-width: 960px) 100vw, 960px\" \/><figcaption class=\"wp-element-caption\">A-62 Preis ohne Rahmen: 210,00 \u20ac inkl. 7% USt.<\/figcaption><\/figure>\n<\/div>\n\n<div class=\"wp-block-image\">\n<figure class=\"aligncenter size-full\"><img loading=\"lazy\" decoding=\"async\" width=\"960\" height=\"720\" src=\"https:\/\/zauberkunsttheater-breno.de\/wp-content\/uploads\/2022\/10\/Folie27.jpg\" alt=\"Gem\u00e4lde A-22 &quot;Dame in Rot&quot;, Acryl auf Karton\" class=\"wp-image-460\" srcset=\"https:\/\/zauberkunsttheater-breno.de\/wp-content\/uploads\/2022\/10\/Folie27.jpg 960w, https:\/\/zauberkunsttheater-breno.de\/wp-content\/uploads\/2022\/10\/Folie27-300x225.jpg 300w, https:\/\/zauberkunsttheater-breno.de\/wp-content\/uploads\/2022\/10\/Folie27-768x576.jpg 768w, https:\/\/zauberkunsttheater-breno.de\/wp-content\/uploads\/2022\/10\/Folie27-800x600.jpg 800w, https:\/\/zauberkunsttheater-breno.de\/wp-content\/uploads\/2022\/10\/Folie27-400x300.jpg 400w\" sizes=\"auto, (max-width: 960px) 100vw, 960px\" \/><figcaption class=\"wp-element-caption\">A-22 Preis ohne Rahmen: 280,00 \u20ac inkl. 7% USt.<\/figcaption><\/figure>\n<\/div>\n\n<div class=\"wp-block-image\">\n<figure class=\"aligncenter size-full\"><img loading=\"lazy\" decoding=\"async\" width=\"960\" height=\"720\" src=\"https:\/\/zauberkunsttheater-breno.de\/wp-content\/uploads\/2022\/11\/Folie68.jpg\" alt=\"Gen\u00e4lde A-63 &quot;Miss Luci&quot;, Acryl auf Karton\" class=\"wp-image-465\" srcset=\"https:\/\/zauberkunsttheater-breno.de\/wp-content\/uploads\/2022\/11\/Folie68.jpg 960w, https:\/\/zauberkunsttheater-breno.de\/wp-content\/uploads\/2022\/11\/Folie68-300x225.jpg 300w, https:\/\/zauberkunsttheater-breno.de\/wp-content\/uploads\/2022\/11\/Folie68-768x576.jpg 768w, https:\/\/zauberkunsttheater-breno.de\/wp-content\/uploads\/2022\/11\/Folie68-800x600.jpg 800w, https:\/\/zauberkunsttheater-breno.de\/wp-content\/uploads\/2022\/11\/Folie68-400x300.jpg 400w\" sizes=\"auto, (max-width: 960px) 100vw, 960px\" \/><figcaption class=\"wp-element-caption\">A-63 Preis ohne Rahmen: 210,00 \u20ac inkl. 7% USt.<\/figcaption><\/figure>\n<\/div>\n\n<div class=\"wp-block-image\">\n<figure class=\"aligncenter size-full is-resized\"><img loading=\"lazy\" decoding=\"async\" width=\"960\" height=\"720\" src=\"https:\/\/zauberkunsttheater-breno.de\/wp-content\/uploads\/2022\/11\/Folie60.jpg\" alt=\"Gem\u00e4lde A-55 &quot;Blumenschale&quot;, Acryl auf Karton\" class=\"wp-image-466\" style=\"width:634px;height:475px\" srcset=\"https:\/\/zauberkunsttheater-breno.de\/wp-content\/uploads\/2022\/11\/Folie60.jpg 960w, https:\/\/zauberkunsttheater-breno.de\/wp-content\/uploads\/2022\/11\/Folie60-300x225.jpg 300w, https:\/\/zauberkunsttheater-breno.de\/wp-content\/uploads\/2022\/11\/Folie60-768x576.jpg 768w, https:\/\/zauberkunsttheater-breno.de\/wp-content\/uploads\/2022\/11\/Folie60-800x600.jpg 800w, https:\/\/zauberkunsttheater-breno.de\/wp-content\/uploads\/2022\/11\/Folie60-400x300.jpg 400w\" sizes=\"auto, (max-width: 960px) 100vw, 960px\" \/><figcaption class=\"wp-element-caption\">A-55 Preis ohne Rahmen: 480,00 \u20ac inkl. 7% USt.<\/figcaption><\/figure>\n<\/div>\n\n<div class=\"wp-block-image\">\n<figure class=\"aligncenter size-full\"><img loading=\"lazy\" decoding=\"async\" width=\"960\" height=\"720\" src=\"https:\/\/zauberkunsttheater-breno.de\/wp-content\/uploads\/2022\/11\/Folie39.jpg\" alt=\"Gem\u00e4lde A-34 &quot;Chinesischer Mann&quot;, Acryl auf Karton\" class=\"wp-image-467\" srcset=\"https:\/\/zauberkunsttheater-breno.de\/wp-content\/uploads\/2022\/11\/Folie39.jpg 960w, https:\/\/zauberkunsttheater-breno.de\/wp-content\/uploads\/2022\/11\/Folie39-300x225.jpg 300w, https:\/\/zauberkunsttheater-breno.de\/wp-content\/uploads\/2022\/11\/Folie39-768x576.jpg 768w, https:\/\/zauberkunsttheater-breno.de\/wp-content\/uploads\/2022\/11\/Folie39-800x600.jpg 800w, https:\/\/zauberkunsttheater-breno.de\/wp-content\/uploads\/2022\/11\/Folie39-400x300.jpg 400w\" sizes=\"auto, (max-width: 960px) 100vw, 960px\" \/><figcaption class=\"wp-element-caption\">A-34 Preis ohne Rahmen: 650,00 \u20ac inkl. 7% USt.<\/figcaption><\/figure>\n<\/div>\n\n<div class=\"wp-block-image\">\n<figure class=\"aligncenter size-full\"><img loading=\"lazy\" decoding=\"async\" width=\"960\" height=\"720\" src=\"https:\/\/zauberkunsttheater-breno.de\/wp-content\/uploads\/2022\/11\/Folie46.jpg\" alt=\"Gem\u00e4lde A-41 &quot;One 2-2&quot;, Acryl auf Leinwand\" class=\"wp-image-468\" srcset=\"https:\/\/zauberkunsttheater-breno.de\/wp-content\/uploads\/2022\/11\/Folie46.jpg 960w, https:\/\/zauberkunsttheater-breno.de\/wp-content\/uploads\/2022\/11\/Folie46-300x225.jpg 300w, https:\/\/zauberkunsttheater-breno.de\/wp-content\/uploads\/2022\/11\/Folie46-768x576.jpg 768w, https:\/\/zauberkunsttheater-breno.de\/wp-content\/uploads\/2022\/11\/Folie46-800x600.jpg 800w, https:\/\/zauberkunsttheater-breno.de\/wp-content\/uploads\/2022\/11\/Folie46-400x300.jpg 400w\" sizes=\"auto, (max-width: 960px) 100vw, 960px\" \/><figcaption class=\"wp-element-caption\">A-41 Preis ohne Rahmen: 400,00 \u20ac inkl. 7% USt.<\/figcaption><\/figure>\n<\/div>\n\n<div class=\"wp-block-image\">\n<figure class=\"aligncenter size-full\"><img loading=\"lazy\" decoding=\"async\" width=\"960\" height=\"720\" src=\"https:\/\/zauberkunsttheater-breno.de\/wp-content\/uploads\/2022\/11\/Folie59.jpg\" alt=\"Gem\u00e4lde A-54 &quot;Blumenvase mit 8 Blumen, Acryl auf Karton\" class=\"wp-image-475\" srcset=\"https:\/\/zauberkunsttheater-breno.de\/wp-content\/uploads\/2022\/11\/Folie59.jpg 960w, https:\/\/zauberkunsttheater-breno.de\/wp-content\/uploads\/2022\/11\/Folie59-300x225.jpg 300w, https:\/\/zauberkunsttheater-breno.de\/wp-content\/uploads\/2022\/11\/Folie59-768x576.jpg 768w, https:\/\/zauberkunsttheater-breno.de\/wp-content\/uploads\/2022\/11\/Folie59-800x600.jpg 800w, https:\/\/zauberkunsttheater-breno.de\/wp-content\/uploads\/2022\/11\/Folie59-400x300.jpg 400w\" sizes=\"auto, (max-width: 960px) 100vw, 960px\" \/><figcaption class=\"wp-element-caption\">A-54 Preis ohne Rahmen: 450,00 \u20ac inkl. 7% USt.<\/figcaption><\/figure>\n<\/div>\n\n<div class=\"wp-block-image\">\n<figure class=\"aligncenter size-full\"><img loading=\"lazy\" decoding=\"async\" width=\"960\" height=\"720\" src=\"https:\/\/zauberkunsttheater-breno.de\/wp-content\/uploads\/2022\/11\/Folie76.jpg\" alt=\"Gem\u00e4lde A.71 &quot;Spinnengewebe Nr. 2&quot;, Deckfarbe auf Leinwand\" class=\"wp-image-476\" srcset=\"https:\/\/zauberkunsttheater-breno.de\/wp-content\/uploads\/2022\/11\/Folie76.jpg 960w, https:\/\/zauberkunsttheater-breno.de\/wp-content\/uploads\/2022\/11\/Folie76-300x225.jpg 300w, https:\/\/zauberkunsttheater-breno.de\/wp-content\/uploads\/2022\/11\/Folie76-768x576.jpg 768w, https:\/\/zauberkunsttheater-breno.de\/wp-content\/uploads\/2022\/11\/Folie76-800x600.jpg 800w, https:\/\/zauberkunsttheater-breno.de\/wp-content\/uploads\/2022\/11\/Folie76-400x300.jpg 400w\" sizes=\"auto, (max-width: 960px) 100vw, 960px\" \/><figcaption class=\"wp-element-caption\">A-71 Preis ohne Rahmen:  810,00 \u20ac inkl. 7% USt.<\/figcaption><\/figure>\n<\/div>","protected":false},"excerpt":{"rendered":"<p>Pierre Breno seit Jahrzehnten ein Picasso Fan. \u00dcber 200 Gem\u00e4lde wurden von mit gefertigt. Eine kleine \u00dcbersicht werde ich hier vorstellen. Einige Gem\u00e4lde befinden sich im Eigentum von Museen: Museum f\u00fcr Konkrete Kunst in Ingolstadt und Fr\u00e4nkisches Museum in N\u00fcrnberg.<\/p>\n","protected":false},"author":1,"featured_media":0,"parent":0,"menu_order":205,"comment_status":"closed","ping_status":"closed","template":"","meta":{"footnotes":""},"class_list":["post-433","page","type-page","status-publish","hentry"],"yoast_head":"<!-- This site is optimized with the Yoast SEO plugin v27.4 - https:\/\/yoast.com\/product\/yoast-seo-wordpress\/ -->\n<title>Gem\u00e4lde &quot;Modern Art&quot;. Pierre Breno zeigt sich einer weiteren Kunst zugewandt: seine Gem\u00e4lde in \u00d6l, Acryl, Kohlezeichnung. - ZauberKunstTheater-Breno<\/title>\n<meta name=\"description\" content=\"Pierre Breno seit Jahrzehnten ein Picasso Fan. \u00dcber 200 Gem\u00e4lde wurden von mit gefertigt. Einige Gem\u00e4lde befinden sich im Eigentum von Museen\" \/>\n<meta name=\"robots\" content=\"index, follow, max-snippet:-1, max-image-preview:large, max-video-preview:-1\" \/>\n<link rel=\"canonical\" href=\"https:\/\/zauberkunsttheater-breno.de\/?page_id=433\" \/>\n<meta property=\"og:locale\" content=\"de_DE\" \/>\n<meta property=\"og:type\" content=\"article\" \/>\n<meta property=\"og:title\" content=\"Gem\u00e4lde &quot;Modern Art&quot;. Pierre Breno zeigt sich einer weiteren Kunst zugewandt: seine Gem\u00e4lde in \u00d6l, Acryl, Kohlezeichnung. - ZauberKunstTheater-Breno\" \/>\n<meta property=\"og:description\" content=\"Pierre Breno seit Jahrzehnten ein Picasso Fan. \u00dcber 200 Gem\u00e4lde wurden von mit gefertigt. Einige Gem\u00e4lde befinden sich im Eigentum von Museen\" \/>\n<meta property=\"og:url\" content=\"https:\/\/zauberkunsttheater-breno.de\/?page_id=433\" \/>\n<meta property=\"og:site_name\" content=\"ZauberKunstTheater-Breno\" \/>\n<meta property=\"article:modified_time\" content=\"2026-01-15T14:05:35+00:00\" \/>\n<meta property=\"og:image\" content=\"https:\/\/zauberkunsttheater-breno.de\/wp-content\/uploads\/2022\/10\/Folie22.jpg\" \/>\n\t<meta property=\"og:image:width\" content=\"960\" \/>\n\t<meta property=\"og:image:height\" content=\"720\" \/>\n\t<meta property=\"og:image:type\" content=\"image\/jpeg\" \/>\n<meta name=\"twitter:card\" content=\"summary_large_image\" \/>\n<meta name=\"twitter:label1\" content=\"Gesch\u00e4tzte Lesezeit\" \/>\n\t<meta name=\"twitter:data1\" content=\"4\u00a0Minuten\" \/>\n<script type=\"application\/ld+json\" class=\"yoast-schema-graph\">{\"@context\":\"https:\\\/\\\/schema.org\",\"@graph\":[{\"@type\":\"WebPage\",\"@id\":\"https:\\\/\\\/zauberkunsttheater-breno.de\\\/?page_id=433\",\"url\":\"https:\\\/\\\/zauberkunsttheater-breno.de\\\/?page_id=433\",\"name\":\"Gem\u00e4lde \\\"Modern Art\\\". Pierre Breno zeigt sich einer weiteren Kunst zugewandt: seine Gem\u00e4lde in \u00d6l, Acryl, Kohlezeichnung. - ZauberKunstTheater-Breno\",\"isPartOf\":{\"@id\":\"https:\\\/\\\/zauberkunsttheater-breno.de\\\/#website\"},\"primaryImageOfPage\":{\"@id\":\"https:\\\/\\\/zauberkunsttheater-breno.de\\\/?page_id=433#primaryimage\"},\"image\":{\"@id\":\"https:\\\/\\\/zauberkunsttheater-breno.de\\\/?page_id=433#primaryimage\"},\"thumbnailUrl\":\"https:\\\/\\\/zauberkunsttheater-breno.de\\\/wp-content\\\/uploads\\\/2022\\\/10\\\/Folie22.jpg\",\"datePublished\":\"2022-10-23T13:14:05+00:00\",\"dateModified\":\"2026-01-15T14:05:35+00:00\",\"description\":\"Pierre Breno seit Jahrzehnten ein Picasso Fan. \u00dcber 200 Gem\u00e4lde wurden von mit gefertigt. Einige Gem\u00e4lde befinden sich im Eigentum von Museen\",\"breadcrumb\":{\"@id\":\"https:\\\/\\\/zauberkunsttheater-breno.de\\\/?page_id=433#breadcrumb\"},\"inLanguage\":\"de\",\"potentialAction\":[{\"@type\":\"ReadAction\",\"target\":[\"https:\\\/\\\/zauberkunsttheater-breno.de\\\/?page_id=433\"]}]},{\"@type\":\"ImageObject\",\"inLanguage\":\"de\",\"@id\":\"https:\\\/\\\/zauberkunsttheater-breno.de\\\/?page_id=433#primaryimage\",\"url\":\"https:\\\/\\\/zauberkunsttheater-breno.de\\\/wp-content\\\/uploads\\\/2022\\\/10\\\/Folie22.jpg\",\"contentUrl\":\"https:\\\/\\\/zauberkunsttheater-breno.de\\\/wp-content\\\/uploads\\\/2022\\\/10\\\/Folie22.jpg\",\"width\":960,\"height\":720,\"caption\":\"Gem\u00e4lde Nummer A-17 Chaos I\"},{\"@type\":\"BreadcrumbList\",\"@id\":\"https:\\\/\\\/zauberkunsttheater-breno.de\\\/?page_id=433#breadcrumb\",\"itemListElement\":[{\"@type\":\"ListItem\",\"position\":1,\"name\":\"Startseite\",\"item\":\"https:\\\/\\\/zauberkunsttheater-breno.de\\\/\"},{\"@type\":\"ListItem\",\"position\":2,\"name\":\"Gem\u00e4lde &#8222;Modern Art&#8220;. Pierre Breno zeigt sich einer weiteren Kunst zugewandt: seine Gem\u00e4lde in \u00d6l, Acryl, Kohlezeichnung.\"}]},{\"@type\":\"WebSite\",\"@id\":\"https:\\\/\\\/zauberkunsttheater-breno.de\\\/#website\",\"url\":\"https:\\\/\\\/zauberkunsttheater-breno.de\\\/\",\"name\":\"ZauberKunstTheater-Breno\",\"description\":\"\",\"publisher\":{\"@id\":\"https:\\\/\\\/zauberkunsttheater-breno.de\\\/#organization\"},\"potentialAction\":[{\"@type\":\"SearchAction\",\"target\":{\"@type\":\"EntryPoint\",\"urlTemplate\":\"https:\\\/\\\/zauberkunsttheater-breno.de\\\/?s={search_term_string}\"},\"query-input\":{\"@type\":\"PropertyValueSpecification\",\"valueRequired\":true,\"valueName\":\"search_term_string\"}}],\"inLanguage\":\"de\"},{\"@type\":\"Organization\",\"@id\":\"https:\\\/\\\/zauberkunsttheater-breno.de\\\/#organization\",\"name\":\"ZauberKunstTheater-Breno\",\"url\":\"https:\\\/\\\/zauberkunsttheater-breno.de\\\/\",\"logo\":{\"@type\":\"ImageObject\",\"inLanguage\":\"de\",\"@id\":\"https:\\\/\\\/zauberkunsttheater-breno.de\\\/#\\\/schema\\\/logo\\\/image\\\/\",\"url\":\"https:\\\/\\\/zauberkunsttheater-breno.de\\\/wp-content\\\/uploads\\\/2022\\\/01\\\/Breno_Startseite.jpeg\",\"contentUrl\":\"https:\\\/\\\/zauberkunsttheater-breno.de\\\/wp-content\\\/uploads\\\/2022\\\/01\\\/Breno_Startseite.jpeg\",\"width\":611,\"height\":598,\"caption\":\"ZauberKunstTheater-Breno\"},\"image\":{\"@id\":\"https:\\\/\\\/zauberkunsttheater-breno.de\\\/#\\\/schema\\\/logo\\\/image\\\/\"}}]}<\/script>\n<!-- \/ Yoast SEO plugin. -->","yoast_head_json":{"title":"Gem\u00e4lde \"Modern Art\". Pierre Breno zeigt sich einer weiteren Kunst zugewandt: seine Gem\u00e4lde in \u00d6l, Acryl, Kohlezeichnung. - ZauberKunstTheater-Breno","description":"Pierre Breno seit Jahrzehnten ein Picasso Fan. \u00dcber 200 Gem\u00e4lde wurden von mit gefertigt. Einige Gem\u00e4lde befinden sich im Eigentum von Museen","robots":{"index":"index","follow":"follow","max-snippet":"max-snippet:-1","max-image-preview":"max-image-preview:large","max-video-preview":"max-video-preview:-1"},"canonical":"https:\/\/zauberkunsttheater-breno.de\/?page_id=433","og_locale":"de_DE","og_type":"article","og_title":"Gem\u00e4lde \"Modern Art\". Pierre Breno zeigt sich einer weiteren Kunst zugewandt: seine Gem\u00e4lde in \u00d6l, Acryl, Kohlezeichnung. - ZauberKunstTheater-Breno","og_description":"Pierre Breno seit Jahrzehnten ein Picasso Fan. \u00dcber 200 Gem\u00e4lde wurden von mit gefertigt. Einige Gem\u00e4lde befinden sich im Eigentum von Museen","og_url":"https:\/\/zauberkunsttheater-breno.de\/?page_id=433","og_site_name":"ZauberKunstTheater-Breno","article_modified_time":"2026-01-15T14:05:35+00:00","og_image":[{"width":960,"height":720,"url":"https:\/\/zauberkunsttheater-breno.de\/wp-content\/uploads\/2022\/10\/Folie22.jpg","type":"image\/jpeg"}],"twitter_card":"summary_large_image","twitter_misc":{"Gesch\u00e4tzte Lesezeit":"4\u00a0Minuten"},"schema":{"@context":"https:\/\/schema.org","@graph":[{"@type":"WebPage","@id":"https:\/\/zauberkunsttheater-breno.de\/?page_id=433","url":"https:\/\/zauberkunsttheater-breno.de\/?page_id=433","name":"Gem\u00e4lde \"Modern Art\". Pierre Breno zeigt sich einer weiteren Kunst zugewandt: seine Gem\u00e4lde in \u00d6l, Acryl, Kohlezeichnung. - ZauberKunstTheater-Breno","isPartOf":{"@id":"https:\/\/zauberkunsttheater-breno.de\/#website"},"primaryImageOfPage":{"@id":"https:\/\/zauberkunsttheater-breno.de\/?page_id=433#primaryimage"},"image":{"@id":"https:\/\/zauberkunsttheater-breno.de\/?page_id=433#primaryimage"},"thumbnailUrl":"https:\/\/zauberkunsttheater-breno.de\/wp-content\/uploads\/2022\/10\/Folie22.jpg","datePublished":"2022-10-23T13:14:05+00:00","dateModified":"2026-01-15T14:05:35+00:00","description":"Pierre Breno seit Jahrzehnten ein Picasso Fan. \u00dcber 200 Gem\u00e4lde wurden von mit gefertigt. Einige Gem\u00e4lde befinden sich im Eigentum von Museen","breadcrumb":{"@id":"https:\/\/zauberkunsttheater-breno.de\/?page_id=433#breadcrumb"},"inLanguage":"de","potentialAction":[{"@type":"ReadAction","target":["https:\/\/zauberkunsttheater-breno.de\/?page_id=433"]}]},{"@type":"ImageObject","inLanguage":"de","@id":"https:\/\/zauberkunsttheater-breno.de\/?page_id=433#primaryimage","url":"https:\/\/zauberkunsttheater-breno.de\/wp-content\/uploads\/2022\/10\/Folie22.jpg","contentUrl":"https:\/\/zauberkunsttheater-breno.de\/wp-content\/uploads\/2022\/10\/Folie22.jpg","width":960,"height":720,"caption":"Gem\u00e4lde Nummer A-17 Chaos I"},{"@type":"BreadcrumbList","@id":"https:\/\/zauberkunsttheater-breno.de\/?page_id=433#breadcrumb","itemListElement":[{"@type":"ListItem","position":1,"name":"Startseite","item":"https:\/\/zauberkunsttheater-breno.de\/"},{"@type":"ListItem","position":2,"name":"Gem\u00e4lde &#8222;Modern Art&#8220;. Pierre Breno zeigt sich einer weiteren Kunst zugewandt: seine Gem\u00e4lde in \u00d6l, Acryl, Kohlezeichnung."}]},{"@type":"WebSite","@id":"https:\/\/zauberkunsttheater-breno.de\/#website","url":"https:\/\/zauberkunsttheater-breno.de\/","name":"ZauberKunstTheater-Breno","description":"","publisher":{"@id":"https:\/\/zauberkunsttheater-breno.de\/#organization"},"potentialAction":[{"@type":"SearchAction","target":{"@type":"EntryPoint","urlTemplate":"https:\/\/zauberkunsttheater-breno.de\/?s={search_term_string}"},"query-input":{"@type":"PropertyValueSpecification","valueRequired":true,"valueName":"search_term_string"}}],"inLanguage":"de"},{"@type":"Organization","@id":"https:\/\/zauberkunsttheater-breno.de\/#organization","name":"ZauberKunstTheater-Breno","url":"https:\/\/zauberkunsttheater-breno.de\/","logo":{"@type":"ImageObject","inLanguage":"de","@id":"https:\/\/zauberkunsttheater-breno.de\/#\/schema\/logo\/image\/","url":"https:\/\/zauberkunsttheater-breno.de\/wp-content\/uploads\/2022\/01\/Breno_Startseite.jpeg","contentUrl":"https:\/\/zauberkunsttheater-breno.de\/wp-content\/uploads\/2022\/01\/Breno_Startseite.jpeg","width":611,"height":598,"caption":"ZauberKunstTheater-Breno"},"image":{"@id":"https:\/\/zauberkunsttheater-breno.de\/#\/schema\/logo\/image\/"}}]}},"_links":{"self":[{"href":"https:\/\/zauberkunsttheater-breno.de\/index.php?rest_route=\/wp\/v2\/pages\/433","targetHints":{"allow":["GET"]}}],"collection":[{"href":"https:\/\/zauberkunsttheater-breno.de\/index.php?rest_route=\/wp\/v2\/pages"}],"about":[{"href":"https:\/\/zauberkunsttheater-breno.de\/index.php?rest_route=\/wp\/v2\/types\/page"}],"author":[{"embeddable":true,"href":"https:\/\/zauberkunsttheater-breno.de\/index.php?rest_route=\/wp\/v2\/users\/1"}],"replies":[{"embeddable":true,"href":"https:\/\/zauberkunsttheater-breno.de\/index.php?rest_route=%2Fwp%2Fv2%2Fcomments&post=433"}],"version-history":[{"count":22,"href":"https:\/\/zauberkunsttheater-breno.de\/index.php?rest_route=\/wp\/v2\/pages\/433\/revisions"}],"predecessor-version":[{"id":943,"href":"https:\/\/zauberkunsttheater-breno.de\/index.php?rest_route=\/wp\/v2\/pages\/433\/revisions\/943"}],"wp:attachment":[{"href":"https:\/\/zauberkunsttheater-breno.de\/index.php?rest_route=%2Fwp%2Fv2%2Fmedia&parent=433"}],"curies":[{"name":"wp","href":"https:\/\/api.w.org\/{rel}","templated":true}]}}