{"id":32,"date":"2022-01-14T18:10:30","date_gmt":"2022-01-14T18:10:30","guid":{"rendered":"https:\/\/inzaubertheater.live-website.com\/?page_id=32"},"modified":"2026-01-15T13:48:20","modified_gmt":"2026-01-15T13:48:20","slug":"zaubern-im-kindergarten","status":"publish","type":"page","link":"https:\/\/zauberkunsttheater-breno.de\/?page_id=32","title":{"rendered":"Zaubern f\u00fcr die Kleinsten Zauberlehrlinge im Kindergarten"},"content":{"rendered":"\n<figure class=\"wp-block-image size-full\"><img loading=\"lazy\" decoding=\"async\" width=\"1024\" height=\"934\" src=\"https:\/\/zauberkunsttheater-breno.de\/wp-content\/uploads\/2023\/08\/image.png\" alt=\"Portr\u00e4t des Zauberk\u00fcnstlers Pierre Breno mit einem kleinen Teil an Requisiten\" class=\"wp-image-674\" srcset=\"https:\/\/zauberkunsttheater-breno.de\/wp-content\/uploads\/2023\/08\/image.png 1024w, https:\/\/zauberkunsttheater-breno.de\/wp-content\/uploads\/2023\/08\/image-300x274.png 300w, https:\/\/zauberkunsttheater-breno.de\/wp-content\/uploads\/2023\/08\/image-768x701.png 768w, https:\/\/zauberkunsttheater-breno.de\/wp-content\/uploads\/2023\/08\/image-800x730.png 800w\" sizes=\"auto, (max-width: 1024px) 100vw, 1024px\" \/><\/figure>\n\n\n\n<h1 class=\"wp-block-heading has-text-align-center has-x-large-font-size\" id=\"pierre-breno-kommt-in-den-kindergarten\"><strong>Pierre Breno (ver-)zaubert <\/strong><\/h1>\n\n\n\n<p class=\"has-text-align-center has-black-color has-white-background-color has-text-color has-background has-large-font-size\"><\/p>\n\n\n\n<p class=\"has-text-align-center has-black-color has-pale-cyan-blue-background-color has-text-color has-background has-large-font-size\"><strong>Advents-Zaubertournee 2023 im Dezember <\/strong><\/p>\n\n\n\n<p class=\"has-text-align-center has-black-color has-pale-pink-background-color has-text-color has-background has-large-font-size\">               <strong>Faschings-Zaubertournee 2024 <\/strong>                                                                 <strong>bis 13.2.2024<\/strong><\/p>\n\n\n\n<p class=\"has-text-align-center has-black-color has-vivid-green-cyan-background-color has-text-color has-background has-large-font-size\"><strong>Sommerfest 2024 nur Kindergarten und Geschwisterkinder, ohne Erwachsene.<\/strong><\/p>\n\n\n\n<p class=\"has-text-align-center has-medium-font-size\"><strong>Weitere  Auskunft  erhalten sie \u00fcber mein B\u00fcro.<\/strong><\/p>\n\n\n\n<p class=\"has-text-align-center has-medium-font-size\">&#8230;.. und<br>alle d\u00fcrfen mit zaubern!<\/p>\n\n\n\n<p class=\"has-text-align-center\" style=\"font-size:25px\"> <strong> &#8222;<span class=\"has-inline-color has-vivid-purple-color\">Pierre Breno <\/span>und seine <span style=\"color:#02905c\" class=\"has-inline-color\">Zauberkiste<\/span>&#8222;<\/strong><\/p>\n\n\n\n<p class=\"has-text-align-center has-medium-font-size\"><strong>Die Zaubervorstellung f\u00fcr Kindergartenkinder<br>Lebendes Kaninchen war mal. <br>Ein lustiges Stoffkaninchen wird von den Kindern akzeptiert!<\/strong><\/p>\n\n\n\n<div class=\"wp-block-columns is-layout-flex wp-container-core-columns-is-layout-9d6595d7 wp-block-columns-is-layout-flex\">\n<div class=\"wp-block-column is-layout-flow wp-block-column-is-layout-flow\" style=\"flex-basis:720px\">\n<figure class=\"wp-block-image size-full is-resized\"><a href=\"https:\/\/zauberkunsttheater-breno.de\/wp-content\/uploads\/2022\/01\/Pierre-Breno-zaubert-im-Kindergarten-2.jpeg\"><img loading=\"lazy\" decoding=\"async\" width=\"254\" height=\"94\" src=\"https:\/\/zauberkunsttheater-breno.de\/wp-content\/uploads\/2022\/01\/Pierre-Breno-zaubert-im-Kindergarten-2.jpeg\" alt=\"Pierre Breno zaubert im Kindergarten. Bild mit begeisterten Kindern\" class=\"wp-image-57\" style=\"width:508px;height:188px\"\/><\/a><figcaption class=\"wp-element-caption\"><sup><span class=\"has-inline-color has-cyan-bluish-gray-color\">Quelle: Kathleen Schuster &#8222;Miteinander&#8220;<\/span><\/sup><\/figcaption><\/figure>\n<\/div>\n\n\n\n<div class=\"wp-block-column is-layout-flow wp-block-column-is-layout-flow\" style=\"flex-basis:50%\"><div class=\"wp-block-image\">\n<figure class=\"alignright size-full\"><a href=\"https:\/\/zauberkunsttheater-breno.de\/wp-content\/uploads\/2022\/01\/Pierre-Breno-zaubert-im-Kindergarten-3.png\"><img loading=\"lazy\" decoding=\"async\" width=\"267\" height=\"241\" src=\"https:\/\/zauberkunsttheater-breno.de\/wp-content\/uploads\/2022\/01\/Pierre-Breno-zaubert-im-Kindergarten-3.png\" alt=\"Pierre Breno zaubert im Kindergarten. Bild mit einem Kind beim mitzaubern\" class=\"wp-image-58\"\/><\/a><figcaption class=\"wp-element-caption\"><mark style=\"background-color:rgba(0, 0, 0, 0)\" class=\"has-inline-color has-cyan-bluish-gray-color\"><sup>Quelle: Hallertauer Info<\/sup><\/mark><\/figcaption><\/figure>\n<\/div>\n\n\n<p><\/p>\n<\/div>\n<\/div>\n\n\n\n<div class=\"wp-block-columns is-layout-flex wp-container-core-columns-is-layout-9d6595d7 wp-block-columns-is-layout-flex\">\n<div class=\"wp-block-column is-layout-flow wp-block-column-is-layout-flow\" style=\"flex-basis:50%\"><div class=\"wp-block-image\">\n<figure class=\"aligncenter size-full\"><a href=\"https:\/\/zauberkunsttheater-breno.de\/wp-content\/uploads\/2022\/01\/Pierre-Breno-zaubert-im-Kindergarten-4.jpeg\"><img loading=\"lazy\" decoding=\"async\" width=\"752\" height=\"527\" src=\"https:\/\/zauberkunsttheater-breno.de\/wp-content\/uploads\/2022\/01\/Pierre-Breno-zaubert-im-Kindergarten-4.jpeg\" alt=\"Pierre Breno zaubert im Kindergarten. Bild mit begeisterten Kindern\" class=\"wp-image-59\" srcset=\"https:\/\/zauberkunsttheater-breno.de\/wp-content\/uploads\/2022\/01\/Pierre-Breno-zaubert-im-Kindergarten-4.jpeg 752w, https:\/\/zauberkunsttheater-breno.de\/wp-content\/uploads\/2022\/01\/Pierre-Breno-zaubert-im-Kindergarten-4-300x210.jpeg 300w\" sizes=\"auto, (max-width: 752px) 100vw, 752px\" \/><\/a><figcaption class=\"wp-element-caption\"><sup><span class=\"has-inline-color has-cyan-bluish-gray-color\">Quelle: Pierre Breno<\/span><\/sup><\/figcaption><\/figure>\n<\/div><\/div>\n\n\n\n<div class=\"wp-block-column is-layout-flow wp-block-column-is-layout-flow\" style=\"flex-basis:50%\"><div class=\"wp-block-image\">\n<figure class=\"aligncenter size-full\"><a href=\"https:\/\/zauberkunsttheater-breno.de\/wp-content\/uploads\/2022\/01\/Pierre-Breno-zaubert-im-Kindergarten-5.jpeg\"><img loading=\"lazy\" decoding=\"async\" width=\"744\" height=\"519\" src=\"https:\/\/zauberkunsttheater-breno.de\/wp-content\/uploads\/2022\/01\/Pierre-Breno-zaubert-im-Kindergarten-5.jpeg\" alt=\"Pierre Breno zaubert im Kindergarten. Bild mit begeisterten Kindern \" class=\"wp-image-60\" srcset=\"https:\/\/zauberkunsttheater-breno.de\/wp-content\/uploads\/2022\/01\/Pierre-Breno-zaubert-im-Kindergarten-5.jpeg 744w, https:\/\/zauberkunsttheater-breno.de\/wp-content\/uploads\/2022\/01\/Pierre-Breno-zaubert-im-Kindergarten-5-300x209.jpeg 300w\" sizes=\"auto, (max-width: 744px) 100vw, 744px\" \/><\/a><figcaption class=\"wp-element-caption\"><sup><span class=\"has-inline-color has-cyan-bluish-gray-color\">Quelle: Pierre Breno<\/span><\/sup><\/figcaption><\/figure>\n<\/div><\/div>\n<\/div>\n\n\n\n<p class=\"has-text-align-center has-text-color\" style=\"color:#031ef0;font-size:25px\"><strong>Zu einem <mark style=\"background-color:rgba(0, 0, 0, 0)\" class=\"has-inline-color has-vivid-red-color\">reduzierten Preis<\/mark> kann der Kindergarten Pierre Breno einladen, z.B. bei Gemeinschaftsveranstaltung mit der <mark style=\"background-color:rgba(0, 0, 0, 0)\" class=\"has-inline-color has-vivid-red-color\">Grundschule<\/mark> oder bei einer m\u00f6glichen <mark style=\"background-color:rgba(0, 0, 0, 0)\" class=\"has-inline-color has-vivid-red-color\">Doppelbelegung am Vormittag<\/mark>, wenn beide Veranstaltungsorte nicht allzu weit voneinander entfernt sind. <\/strong><br><strong>Das Angebot gilt f\u00fcr Einladungen um Kindergarten das ganze Jahr!<\/strong><\/p>\n","protected":false},"excerpt":{"rendered":"<p>Pierre Breno (ver-)zaubert Advents-Zaubertournee 2023 im Dezember Faschings-Zaubertournee 2024 bis 13.2.2024 Sommerfest 2024 nur Kindergarten und Geschwisterkinder, ohne Erwachsene. Weitere Auskunft erhalten sie \u00fcber mein B\u00fcro. &#8230;.. undalle d\u00fcrfen mit zaubern! &#8222;Pierre Breno und seine Zauberkiste&#8222; Die Zaubervorstellung f\u00fcr KindergartenkinderLebendes Kaninchen war mal. Ein lustiges Stoffkaninchen wird von den Kindern akzeptiert! Zu einem reduzierten Preis kann der Kindergarten Pierre Breno<\/p>\n<p><a class=\"more-link\" href=\"https:\/\/zauberkunsttheater-breno.de\/?page_id=32\">Weiterlesen<\/a><\/p>\n","protected":false},"author":1,"featured_media":0,"parent":0,"menu_order":100,"comment_status":"closed","ping_status":"closed","template":"","meta":{"footnotes":""},"class_list":["post-32","page","type-page","status-publish","hentry"],"yoast_head":"<!-- This site is optimized with the Yoast SEO plugin v27.4 - https:\/\/yoast.com\/product\/yoast-seo-wordpress\/ -->\n<title>Zaubern f\u00fcr die Kleinsten Zauberlehrlinge im Kindergarten - ZauberKunstTheater-Breno<\/title>\n<meta name=\"description\" content=\"Der bekannte Zauberk\u00fcnstler und Magier wird gerne f\u00fcr Zaubern im Kindergarten gebucht. Seine einzigartige Show begeistert nicht nur Kinder.\" \/>\n<meta name=\"robots\" content=\"index, follow, max-snippet:-1, max-image-preview:large, max-video-preview:-1\" \/>\n<link rel=\"canonical\" href=\"https:\/\/zauberkunsttheater-breno.de\/?page_id=32\" \/>\n<meta property=\"og:locale\" content=\"de_DE\" \/>\n<meta property=\"og:type\" content=\"article\" \/>\n<meta property=\"og:title\" content=\"Zaubern f\u00fcr die Kleinsten Zauberlehrlinge im Kindergarten - ZauberKunstTheater-Breno\" \/>\n<meta property=\"og:description\" content=\"Der bekannte Zauberk\u00fcnstler und Magier wird gerne f\u00fcr Zaubern im Kindergarten gebucht. Seine einzigartige Show begeistert nicht nur Kinder.\" \/>\n<meta property=\"og:url\" content=\"https:\/\/zauberkunsttheater-breno.de\/?page_id=32\" \/>\n<meta property=\"og:site_name\" content=\"ZauberKunstTheater-Breno\" \/>\n<meta property=\"article:modified_time\" content=\"2026-01-15T13:48:20+00:00\" \/>\n<meta property=\"og:image\" content=\"https:\/\/zauberkunsttheater-breno.de\/wp-content\/uploads\/2023\/08\/image.png\" \/>\n\t<meta property=\"og:image:width\" content=\"1024\" \/>\n\t<meta property=\"og:image:height\" content=\"934\" \/>\n\t<meta property=\"og:image:type\" content=\"image\/png\" \/>\n<meta name=\"twitter:card\" content=\"summary_large_image\" \/>\n<meta name=\"twitter:label1\" content=\"Gesch\u00e4tzte Lesezeit\" \/>\n\t<meta name=\"twitter:data1\" content=\"2\u00a0Minuten\" \/>\n<script type=\"application\/ld+json\" class=\"yoast-schema-graph\">{\"@context\":\"https:\\\/\\\/schema.org\",\"@graph\":[{\"@type\":\"WebPage\",\"@id\":\"https:\\\/\\\/zauberkunsttheater-breno.de\\\/?page_id=32\",\"url\":\"https:\\\/\\\/zauberkunsttheater-breno.de\\\/?page_id=32\",\"name\":\"Zaubern f\u00fcr die Kleinsten Zauberlehrlinge im Kindergarten - ZauberKunstTheater-Breno\",\"isPartOf\":{\"@id\":\"https:\\\/\\\/zauberkunsttheater-breno.de\\\/#website\"},\"primaryImageOfPage\":{\"@id\":\"https:\\\/\\\/zauberkunsttheater-breno.de\\\/?page_id=32#primaryimage\"},\"image\":{\"@id\":\"https:\\\/\\\/zauberkunsttheater-breno.de\\\/?page_id=32#primaryimage\"},\"thumbnailUrl\":\"https:\\\/\\\/zauberkunsttheater-breno.de\\\/wp-content\\\/uploads\\\/2023\\\/08\\\/image.png\",\"datePublished\":\"2022-01-14T18:10:30+00:00\",\"dateModified\":\"2026-01-15T13:48:20+00:00\",\"description\":\"Der bekannte Zauberk\u00fcnstler und Magier wird gerne f\u00fcr Zaubern im Kindergarten gebucht. Seine einzigartige Show begeistert nicht nur Kinder.\",\"breadcrumb\":{\"@id\":\"https:\\\/\\\/zauberkunsttheater-breno.de\\\/?page_id=32#breadcrumb\"},\"inLanguage\":\"de\",\"potentialAction\":[{\"@type\":\"ReadAction\",\"target\":[\"https:\\\/\\\/zauberkunsttheater-breno.de\\\/?page_id=32\"]}]},{\"@type\":\"ImageObject\",\"inLanguage\":\"de\",\"@id\":\"https:\\\/\\\/zauberkunsttheater-breno.de\\\/?page_id=32#primaryimage\",\"url\":\"https:\\\/\\\/zauberkunsttheater-breno.de\\\/wp-content\\\/uploads\\\/2023\\\/08\\\/image.png\",\"contentUrl\":\"https:\\\/\\\/zauberkunsttheater-breno.de\\\/wp-content\\\/uploads\\\/2023\\\/08\\\/image.png\",\"width\":1024,\"height\":934},{\"@type\":\"BreadcrumbList\",\"@id\":\"https:\\\/\\\/zauberkunsttheater-breno.de\\\/?page_id=32#breadcrumb\",\"itemListElement\":[{\"@type\":\"ListItem\",\"position\":1,\"name\":\"Startseite\",\"item\":\"https:\\\/\\\/zauberkunsttheater-breno.de\\\/\"},{\"@type\":\"ListItem\",\"position\":2,\"name\":\"Zaubern f\u00fcr die Kleinsten Zauberlehrlinge im Kindergarten\"}]},{\"@type\":\"WebSite\",\"@id\":\"https:\\\/\\\/zauberkunsttheater-breno.de\\\/#website\",\"url\":\"https:\\\/\\\/zauberkunsttheater-breno.de\\\/\",\"name\":\"ZauberKunstTheater-Breno\",\"description\":\"\",\"publisher\":{\"@id\":\"https:\\\/\\\/zauberkunsttheater-breno.de\\\/#organization\"},\"potentialAction\":[{\"@type\":\"SearchAction\",\"target\":{\"@type\":\"EntryPoint\",\"urlTemplate\":\"https:\\\/\\\/zauberkunsttheater-breno.de\\\/?s={search_term_string}\"},\"query-input\":{\"@type\":\"PropertyValueSpecification\",\"valueRequired\":true,\"valueName\":\"search_term_string\"}}],\"inLanguage\":\"de\"},{\"@type\":\"Organization\",\"@id\":\"https:\\\/\\\/zauberkunsttheater-breno.de\\\/#organization\",\"name\":\"ZauberKunstTheater-Breno\",\"url\":\"https:\\\/\\\/zauberkunsttheater-breno.de\\\/\",\"logo\":{\"@type\":\"ImageObject\",\"inLanguage\":\"de\",\"@id\":\"https:\\\/\\\/zauberkunsttheater-breno.de\\\/#\\\/schema\\\/logo\\\/image\\\/\",\"url\":\"https:\\\/\\\/zauberkunsttheater-breno.de\\\/wp-content\\\/uploads\\\/2022\\\/01\\\/Breno_Startseite.jpeg\",\"contentUrl\":\"https:\\\/\\\/zauberkunsttheater-breno.de\\\/wp-content\\\/uploads\\\/2022\\\/01\\\/Breno_Startseite.jpeg\",\"width\":611,\"height\":598,\"caption\":\"ZauberKunstTheater-Breno\"},\"image\":{\"@id\":\"https:\\\/\\\/zauberkunsttheater-breno.de\\\/#\\\/schema\\\/logo\\\/image\\\/\"}}]}<\/script>\n<!-- \/ Yoast SEO plugin. -->","yoast_head_json":{"title":"Zaubern f\u00fcr die Kleinsten Zauberlehrlinge im Kindergarten - ZauberKunstTheater-Breno","description":"Der bekannte Zauberk\u00fcnstler und Magier wird gerne f\u00fcr Zaubern im Kindergarten gebucht. Seine einzigartige Show begeistert nicht nur Kinder.","robots":{"index":"index","follow":"follow","max-snippet":"max-snippet:-1","max-image-preview":"max-image-preview:large","max-video-preview":"max-video-preview:-1"},"canonical":"https:\/\/zauberkunsttheater-breno.de\/?page_id=32","og_locale":"de_DE","og_type":"article","og_title":"Zaubern f\u00fcr die Kleinsten Zauberlehrlinge im Kindergarten - ZauberKunstTheater-Breno","og_description":"Der bekannte Zauberk\u00fcnstler und Magier wird gerne f\u00fcr Zaubern im Kindergarten gebucht. Seine einzigartige Show begeistert nicht nur Kinder.","og_url":"https:\/\/zauberkunsttheater-breno.de\/?page_id=32","og_site_name":"ZauberKunstTheater-Breno","article_modified_time":"2026-01-15T13:48:20+00:00","og_image":[{"width":1024,"height":934,"url":"https:\/\/zauberkunsttheater-breno.de\/wp-content\/uploads\/2023\/08\/image.png","type":"image\/png"}],"twitter_card":"summary_large_image","twitter_misc":{"Gesch\u00e4tzte Lesezeit":"2\u00a0Minuten"},"schema":{"@context":"https:\/\/schema.org","@graph":[{"@type":"WebPage","@id":"https:\/\/zauberkunsttheater-breno.de\/?page_id=32","url":"https:\/\/zauberkunsttheater-breno.de\/?page_id=32","name":"Zaubern f\u00fcr die Kleinsten Zauberlehrlinge im Kindergarten - ZauberKunstTheater-Breno","isPartOf":{"@id":"https:\/\/zauberkunsttheater-breno.de\/#website"},"primaryImageOfPage":{"@id":"https:\/\/zauberkunsttheater-breno.de\/?page_id=32#primaryimage"},"image":{"@id":"https:\/\/zauberkunsttheater-breno.de\/?page_id=32#primaryimage"},"thumbnailUrl":"https:\/\/zauberkunsttheater-breno.de\/wp-content\/uploads\/2023\/08\/image.png","datePublished":"2022-01-14T18:10:30+00:00","dateModified":"2026-01-15T13:48:20+00:00","description":"Der bekannte Zauberk\u00fcnstler und Magier wird gerne f\u00fcr Zaubern im Kindergarten gebucht. Seine einzigartige Show begeistert nicht nur Kinder.","breadcrumb":{"@id":"https:\/\/zauberkunsttheater-breno.de\/?page_id=32#breadcrumb"},"inLanguage":"de","potentialAction":[{"@type":"ReadAction","target":["https:\/\/zauberkunsttheater-breno.de\/?page_id=32"]}]},{"@type":"ImageObject","inLanguage":"de","@id":"https:\/\/zauberkunsttheater-breno.de\/?page_id=32#primaryimage","url":"https:\/\/zauberkunsttheater-breno.de\/wp-content\/uploads\/2023\/08\/image.png","contentUrl":"https:\/\/zauberkunsttheater-breno.de\/wp-content\/uploads\/2023\/08\/image.png","width":1024,"height":934},{"@type":"BreadcrumbList","@id":"https:\/\/zauberkunsttheater-breno.de\/?page_id=32#breadcrumb","itemListElement":[{"@type":"ListItem","position":1,"name":"Startseite","item":"https:\/\/zauberkunsttheater-breno.de\/"},{"@type":"ListItem","position":2,"name":"Zaubern f\u00fcr die Kleinsten Zauberlehrlinge im Kindergarten"}]},{"@type":"WebSite","@id":"https:\/\/zauberkunsttheater-breno.de\/#website","url":"https:\/\/zauberkunsttheater-breno.de\/","name":"ZauberKunstTheater-Breno","description":"","publisher":{"@id":"https:\/\/zauberkunsttheater-breno.de\/#organization"},"potentialAction":[{"@type":"SearchAction","target":{"@type":"EntryPoint","urlTemplate":"https:\/\/zauberkunsttheater-breno.de\/?s={search_term_string}"},"query-input":{"@type":"PropertyValueSpecification","valueRequired":true,"valueName":"search_term_string"}}],"inLanguage":"de"},{"@type":"Organization","@id":"https:\/\/zauberkunsttheater-breno.de\/#organization","name":"ZauberKunstTheater-Breno","url":"https:\/\/zauberkunsttheater-breno.de\/","logo":{"@type":"ImageObject","inLanguage":"de","@id":"https:\/\/zauberkunsttheater-breno.de\/#\/schema\/logo\/image\/","url":"https:\/\/zauberkunsttheater-breno.de\/wp-content\/uploads\/2022\/01\/Breno_Startseite.jpeg","contentUrl":"https:\/\/zauberkunsttheater-breno.de\/wp-content\/uploads\/2022\/01\/Breno_Startseite.jpeg","width":611,"height":598,"caption":"ZauberKunstTheater-Breno"},"image":{"@id":"https:\/\/zauberkunsttheater-breno.de\/#\/schema\/logo\/image\/"}}]}},"_links":{"self":[{"href":"https:\/\/zauberkunsttheater-breno.de\/index.php?rest_route=\/wp\/v2\/pages\/32","targetHints":{"allow":["GET"]}}],"collection":[{"href":"https:\/\/zauberkunsttheater-breno.de\/index.php?rest_route=\/wp\/v2\/pages"}],"about":[{"href":"https:\/\/zauberkunsttheater-breno.de\/index.php?rest_route=\/wp\/v2\/types\/page"}],"author":[{"embeddable":true,"href":"https:\/\/zauberkunsttheater-breno.de\/index.php?rest_route=\/wp\/v2\/users\/1"}],"replies":[{"embeddable":true,"href":"https:\/\/zauberkunsttheater-breno.de\/index.php?rest_route=%2Fwp%2Fv2%2Fcomments&post=32"}],"version-history":[{"count":28,"href":"https:\/\/zauberkunsttheater-breno.de\/index.php?rest_route=\/wp\/v2\/pages\/32\/revisions"}],"predecessor-version":[{"id":938,"href":"https:\/\/zauberkunsttheater-breno.de\/index.php?rest_route=\/wp\/v2\/pages\/32\/revisions\/938"}],"wp:attachment":[{"href":"https:\/\/zauberkunsttheater-breno.de\/index.php?rest_route=%2Fwp%2Fv2%2Fmedia&parent=32"}],"curies":[{"name":"wp","href":"https:\/\/api.w.org\/{rel}","templated":true}]}}