{"id":30,"date":"2022-01-14T18:10:16","date_gmt":"2022-01-14T18:10:16","guid":{"rendered":"https:\/\/inzaubertheater.live-website.com\/?page_id=30"},"modified":"2026-01-15T13:51:03","modified_gmt":"2026-01-15T13:51:03","slug":"zaubern-in-schulen","status":"publish","type":"page","link":"https:\/\/zauberkunsttheater-breno.de\/?page_id=30","title":{"rendered":"Zauberkunst f\u00fcr Sch\u00fclerinnen und Sch\u00fcler in Grund- und Mittelschulen"},"content":{"rendered":"\n<p class=\"has-text-align-center has-vivid-red-color has-text-color has-large-font-size\"><em><strong>&#8222;Wer Kinder begeistert, dem geh\u00f6rt die Zukunft!&#8220;<\/strong><\/em>.<\/p>\n\n\n\n<p class=\"has-text-align-center has-large-font-size\"><strong>&#8222;<mark style=\"background-color:rgba(0, 0, 0, 0);color:#031ef0\" class=\"has-inline-color\">Pierre Breno und seine Zauberkiste<\/mark><strong>&#8222;<\/strong> <\/strong><\/p>\n\n\n\n<p class=\"has-text-align-center has-large-font-size\"><strong>Dauer 30, 45, 60 oder 90 Minuten<\/strong> <\/p>\n\n\n\n<p class=\"has-text-align-center has-large-font-size\"><strong>Gepr\u00fcft: &#8222;p\u00e4dagogisch wertvoll&#8220; einstimmig: <\/strong><\/p>\n\n\n\n<p class=\"has-text-align-center has-black-color has-text-color has-large-font-size\"><strong>Regierung von Oberbayern AZ: 501\/2003<\/strong><\/p>\n\n\n\n<p class=\"has-text-align-center has-medium-font-size\"><\/p>\n\n\n\n<p class=\"has-text-align-center has-black-color has-text-color\" style=\"font-size:30px\"><strong>Pierre Breno kommt in die Schule anstatt <\/strong><br><strong>einer Unterrichtsstunde. <\/strong><\/p>\n\n\n\n<p class=\"has-text-align-center has-large-font-size\"><\/p>\n\n\n\n<p class=\"has-text-align-center has-white-color has-pale-cyan-blue-background-color has-text-color has-background has-large-font-size\"><strong>Advents-Zaubertournee im Dezember 2023<\/strong><\/p>\n\n\n\n<p class=\"has-text-align-center has-white-color has-cyan-bluish-gray-background-color has-text-color has-background has-large-font-size\"><strong>Faschings-Zaubertournee Februar 2024<\/strong><\/p>\n\n\n\n<p class=\"has-text-align-center has-white-color has-text-color has-background has-large-font-size\" style=\"background:linear-gradient(90deg,rgba(6,147,227,1) 0%,rgb(155,81,224) 100%)\"><strong>Sommerfeste <mark style=\"background-color:rgba(0, 0, 0, 0)\" class=\"has-inline-color has-luminous-vivid-amber-color\">nur<\/mark> f\u00fcr Sch\u00fclerinnen und Sch\u00fcler und Geschwisterkinde<\/strong>r, keine Erwachsene.<\/p>\n\n\n\n<p class=\"has-text-align-center has-medium-font-size\">Bitte informieren Sie sich \u00fcber mein B\u00fcro!<\/p>\n\n\n\n<p class=\"has-text-align-center has-black-color has-text-color has-medium-font-size\"><\/p>\n\n\n\n<p><\/p>\n\n\n\n<p class=\"has-text-align-center has-medium-font-size\"><strong>Begeisterte Sch\u00fclerinnen und Sch\u00fcler, viel Applaus und die obligatorische Zugabe ist Ehrensache.<\/strong><\/p>\n\n\n<div class=\"wp-block-image\">\n<figure class=\"aligncenter size-full is-resized\"><a href=\"https:\/\/zauberkunsttheater-breno.de\/wp-content\/uploads\/2022\/01\/Pierre-Breno-zaubert-in-der-Schule-1.jpeg\"><img loading=\"lazy\" decoding=\"async\" width=\"360\" height=\"140\" src=\"https:\/\/zauberkunsttheater-breno.de\/wp-content\/uploads\/2022\/01\/Pierre-Breno-zaubert-in-der-Schule-1.jpeg\" alt=\"Pierre Breno zaubert in der Schule. \nPierre Breno vor mehreren Schulklassen in der Turnhalle\" class=\"wp-image-67\" style=\"width:720px;height:280px\" srcset=\"https:\/\/zauberkunsttheater-breno.de\/wp-content\/uploads\/2022\/01\/Pierre-Breno-zaubert-in-der-Schule-1.jpeg 360w, https:\/\/zauberkunsttheater-breno.de\/wp-content\/uploads\/2022\/01\/Pierre-Breno-zaubert-in-der-Schule-1-300x117.jpeg 300w\" sizes=\"auto, (max-width: 360px) 100vw, 360px\" \/><\/a><figcaption class=\"wp-element-caption\"><sup><mark style=\"background-color:rgba(0, 0, 0, 0)\" class=\"has-inline-color has-cyan-bluish-gray-color\">Quelle: Homepage Hofheimer Grundschule<\/mark><\/sup><\/figcaption><\/figure>\n<\/div>\n\n\n<p class=\"has-text-align-center\" style=\"font-size:25px\">Aufmerksames Publikum!!<\/p>\n\n\n\n<figure class=\"wp-block-image size-full is-resized\"><a href=\"https:\/\/zauberkunsttheater-breno.de\/wp-content\/uploads\/2022\/02\/image.png\"><img loading=\"lazy\" decoding=\"async\" width=\"450\" height=\"300\" src=\"https:\/\/zauberkunsttheater-breno.de\/wp-content\/uploads\/2022\/02\/image.png\" alt=\"Pierre Breno zaubert in der Schule. \nPierre Breno vor Schulkindern in der Sporthalle\" class=\"wp-image-199\" style=\"width:834px;height:555px\" srcset=\"https:\/\/zauberkunsttheater-breno.de\/wp-content\/uploads\/2022\/02\/image.png 450w, https:\/\/zauberkunsttheater-breno.de\/wp-content\/uploads\/2022\/02\/image-300x200.png 300w\" sizes=\"auto, (max-width: 450px) 100vw, 450px\" \/><\/a><\/figure>\n\n\n\n<h2 class=\"wp-block-heading has-small-font-size\" id=\"quelle-foto-volksschule-berg-im-gau\"><sup><mark style=\"background-color:rgba(0, 0, 0, 0)\" class=\"has-inline-color has-cyan-bluish-gray-color\"><strong>Quelle: Foto Volksschule<\/strong> <strong>Berg im Gau<\/strong><\/mark><\/sup><\/h2>\n\n\n\n<figure class=\"wp-block-image size-full\"><a href=\"https:\/\/zauberkunsttheater-breno.de\/wp-content\/uploads\/2022\/02\/Grundschule-Ortenburg.jpg\"><img loading=\"lazy\" decoding=\"async\" width=\"882\" height=\"590\" src=\"https:\/\/zauberkunsttheater-breno.de\/wp-content\/uploads\/2022\/02\/Grundschule-Ortenburg.jpg\" alt=\"Pierre Breno zaubert in der Schule.\nLachende Kinder in der Vorf\u00fchrung in der Sporthalle\" class=\"wp-image-205\" srcset=\"https:\/\/zauberkunsttheater-breno.de\/wp-content\/uploads\/2022\/02\/Grundschule-Ortenburg.jpg 882w, https:\/\/zauberkunsttheater-breno.de\/wp-content\/uploads\/2022\/02\/Grundschule-Ortenburg-300x201.jpg 300w, https:\/\/zauberkunsttheater-breno.de\/wp-content\/uploads\/2022\/02\/Grundschule-Ortenburg-768x514.jpg 768w, https:\/\/zauberkunsttheater-breno.de\/wp-content\/uploads\/2022\/02\/Grundschule-Ortenburg-800x535.jpg 800w\" sizes=\"auto, (max-width: 882px) 100vw, 882px\" \/><\/a><figcaption class=\"wp-element-caption\"><mark style=\"background-color:rgba(0, 0, 0, 0)\" class=\"has-inline-color has-cyan-bluish-gray-color\"><sup>Quelle: Grundschule Ortenburg<\/sup><\/mark><\/figcaption><\/figure>\n\n\n<div class=\"wp-block-image\">\n<figure class=\"aligncenter size-large\"><a href=\"https:\/\/zauberkunsttheater-breno.de\/wp-content\/uploads\/2022\/02\/Seehausen-1.jpg\"><img loading=\"lazy\" decoding=\"async\" width=\"528\" height=\"1024\" src=\"https:\/\/zauberkunsttheater-breno.de\/wp-content\/uploads\/2022\/02\/Seehausen-1-528x1024.jpg\" alt=\"Pierre Breno zaubert in der Schule.\nZeitungsartikel \u00fcber die Zaubershow in der Wischelandhalle in Seehausen f\u00fcr \u00fcber 650 Kinder\" class=\"wp-image-206\" srcset=\"https:\/\/zauberkunsttheater-breno.de\/wp-content\/uploads\/2022\/02\/Seehausen-1-528x1024.jpg 528w, https:\/\/zauberkunsttheater-breno.de\/wp-content\/uploads\/2022\/02\/Seehausen-1-155x300.jpg 155w, https:\/\/zauberkunsttheater-breno.de\/wp-content\/uploads\/2022\/02\/Seehausen-1.jpg 652w\" sizes=\"auto, (max-width: 528px) 100vw, 528px\" \/><\/a><figcaption class=\"wp-element-caption\"><mark style=\"background-color:rgba(0, 0, 0, 0)\" class=\"has-inline-color has-cyan-bluish-gray-color\"><sup>Quelle: AZ Altmark\/Seehausen<\/sup><\/mark><\/figcaption><\/figure>\n<\/div>\n\n\n<p><\/p>\n","protected":false},"excerpt":{"rendered":"<p>&#8222;Wer Kinder begeistert, dem geh\u00f6rt die Zukunft!&#8220;. &#8222;Pierre Breno und seine Zauberkiste&#8222; Dauer 30, 45, 60 oder 90 Minuten Gepr\u00fcft: &#8222;p\u00e4dagogisch wertvoll&#8220; einstimmig: Regierung von Oberbayern AZ: 501\/2003 Pierre Breno kommt in die Schule anstatt einer Unterrichtsstunde. Advents-Zaubertournee im Dezember 2023 Faschings-Zaubertournee Februar 2024 Sommerfeste nur f\u00fcr Sch\u00fclerinnen und Sch\u00fcler und Geschwisterkinder, keine Erwachsene. Bitte informieren Sie sich \u00fcber mein<\/p>\n<p><a class=\"more-link\" href=\"https:\/\/zauberkunsttheater-breno.de\/?page_id=30\">Weiterlesen<\/a><\/p>\n","protected":false},"author":1,"featured_media":0,"parent":0,"menu_order":110,"comment_status":"closed","ping_status":"closed","template":"","meta":{"footnotes":""},"class_list":["post-30","page","type-page","status-publish","hentry"],"yoast_head":"<!-- This site is optimized with the Yoast SEO plugin v27.4 - https:\/\/yoast.com\/product\/yoast-seo-wordpress\/ -->\n<title>Zauberkunst f\u00fcr Sch\u00fclerinnen und Sch\u00fcler in Grund- und Mittelschulen - ZauberKunstTheater-Breno<\/title>\n<meta name=\"description\" content=\"Der bekannte Zauberk\u00fcnstler und Magier begeistert mit seiner Show &quot;Zaubern in Schulen&quot; nicht nur Grund- und Mittelschulen.\" \/>\n<meta name=\"robots\" content=\"index, follow, max-snippet:-1, max-image-preview:large, max-video-preview:-1\" \/>\n<link rel=\"canonical\" href=\"https:\/\/zauberkunsttheater-breno.de\/?page_id=30\" \/>\n<meta property=\"og:locale\" content=\"de_DE\" \/>\n<meta property=\"og:type\" content=\"article\" \/>\n<meta property=\"og:title\" content=\"Zauberkunst f\u00fcr Sch\u00fclerinnen und Sch\u00fcler in Grund- und Mittelschulen - ZauberKunstTheater-Breno\" \/>\n<meta property=\"og:description\" content=\"Der bekannte Zauberk\u00fcnstler und Magier begeistert mit seiner Show &quot;Zaubern in Schulen&quot; nicht nur Grund- und Mittelschulen.\" \/>\n<meta property=\"og:url\" content=\"https:\/\/zauberkunsttheater-breno.de\/?page_id=30\" \/>\n<meta property=\"og:site_name\" content=\"ZauberKunstTheater-Breno\" \/>\n<meta property=\"article:modified_time\" content=\"2026-01-15T13:51:03+00:00\" \/>\n<meta property=\"og:image\" content=\"https:\/\/zauberkunsttheater-breno.de\/wp-content\/uploads\/2022\/01\/Pierre-Breno-zaubert-in-der-Schule-1.jpeg\" \/>\n\t<meta property=\"og:image:width\" content=\"360\" \/>\n\t<meta property=\"og:image:height\" content=\"140\" \/>\n\t<meta property=\"og:image:type\" content=\"image\/jpeg\" \/>\n<meta name=\"twitter:card\" content=\"summary_large_image\" \/>\n<meta name=\"twitter:label1\" content=\"Gesch\u00e4tzte Lesezeit\" \/>\n\t<meta name=\"twitter:data1\" content=\"2\u00a0Minuten\" \/>\n<script type=\"application\/ld+json\" class=\"yoast-schema-graph\">{\"@context\":\"https:\\\/\\\/schema.org\",\"@graph\":[{\"@type\":\"WebPage\",\"@id\":\"https:\\\/\\\/zauberkunsttheater-breno.de\\\/?page_id=30\",\"url\":\"https:\\\/\\\/zauberkunsttheater-breno.de\\\/?page_id=30\",\"name\":\"Zauberkunst f\u00fcr Sch\u00fclerinnen und Sch\u00fcler in Grund- und Mittelschulen - ZauberKunstTheater-Breno\",\"isPartOf\":{\"@id\":\"https:\\\/\\\/zauberkunsttheater-breno.de\\\/#website\"},\"primaryImageOfPage\":{\"@id\":\"https:\\\/\\\/zauberkunsttheater-breno.de\\\/?page_id=30#primaryimage\"},\"image\":{\"@id\":\"https:\\\/\\\/zauberkunsttheater-breno.de\\\/?page_id=30#primaryimage\"},\"thumbnailUrl\":\"https:\\\/\\\/zauberkunsttheater-breno.de\\\/wp-content\\\/uploads\\\/2022\\\/01\\\/Pierre-Breno-zaubert-in-der-Schule-1.jpeg\",\"datePublished\":\"2022-01-14T18:10:16+00:00\",\"dateModified\":\"2026-01-15T13:51:03+00:00\",\"description\":\"Der bekannte Zauberk\u00fcnstler und Magier begeistert mit seiner Show \\\"Zaubern in Schulen\\\" nicht nur Grund- und Mittelschulen.\",\"breadcrumb\":{\"@id\":\"https:\\\/\\\/zauberkunsttheater-breno.de\\\/?page_id=30#breadcrumb\"},\"inLanguage\":\"de\",\"potentialAction\":[{\"@type\":\"ReadAction\",\"target\":[\"https:\\\/\\\/zauberkunsttheater-breno.de\\\/?page_id=30\"]}]},{\"@type\":\"ImageObject\",\"inLanguage\":\"de\",\"@id\":\"https:\\\/\\\/zauberkunsttheater-breno.de\\\/?page_id=30#primaryimage\",\"url\":\"https:\\\/\\\/zauberkunsttheater-breno.de\\\/wp-content\\\/uploads\\\/2022\\\/01\\\/Pierre-Breno-zaubert-in-der-Schule-1.jpeg\",\"contentUrl\":\"https:\\\/\\\/zauberkunsttheater-breno.de\\\/wp-content\\\/uploads\\\/2022\\\/01\\\/Pierre-Breno-zaubert-in-der-Schule-1.jpeg\",\"width\":360,\"height\":140,\"caption\":\"Quelle: Homepage Hofheimer Grundschule\"},{\"@type\":\"BreadcrumbList\",\"@id\":\"https:\\\/\\\/zauberkunsttheater-breno.de\\\/?page_id=30#breadcrumb\",\"itemListElement\":[{\"@type\":\"ListItem\",\"position\":1,\"name\":\"Startseite\",\"item\":\"https:\\\/\\\/zauberkunsttheater-breno.de\\\/\"},{\"@type\":\"ListItem\",\"position\":2,\"name\":\"Zauberkunst f\u00fcr Sch\u00fclerinnen und Sch\u00fcler in Grund- und Mittelschulen\"}]},{\"@type\":\"WebSite\",\"@id\":\"https:\\\/\\\/zauberkunsttheater-breno.de\\\/#website\",\"url\":\"https:\\\/\\\/zauberkunsttheater-breno.de\\\/\",\"name\":\"ZauberKunstTheater-Breno\",\"description\":\"\",\"publisher\":{\"@id\":\"https:\\\/\\\/zauberkunsttheater-breno.de\\\/#organization\"},\"potentialAction\":[{\"@type\":\"SearchAction\",\"target\":{\"@type\":\"EntryPoint\",\"urlTemplate\":\"https:\\\/\\\/zauberkunsttheater-breno.de\\\/?s={search_term_string}\"},\"query-input\":{\"@type\":\"PropertyValueSpecification\",\"valueRequired\":true,\"valueName\":\"search_term_string\"}}],\"inLanguage\":\"de\"},{\"@type\":\"Organization\",\"@id\":\"https:\\\/\\\/zauberkunsttheater-breno.de\\\/#organization\",\"name\":\"ZauberKunstTheater-Breno\",\"url\":\"https:\\\/\\\/zauberkunsttheater-breno.de\\\/\",\"logo\":{\"@type\":\"ImageObject\",\"inLanguage\":\"de\",\"@id\":\"https:\\\/\\\/zauberkunsttheater-breno.de\\\/#\\\/schema\\\/logo\\\/image\\\/\",\"url\":\"https:\\\/\\\/zauberkunsttheater-breno.de\\\/wp-content\\\/uploads\\\/2022\\\/01\\\/Breno_Startseite.jpeg\",\"contentUrl\":\"https:\\\/\\\/zauberkunsttheater-breno.de\\\/wp-content\\\/uploads\\\/2022\\\/01\\\/Breno_Startseite.jpeg\",\"width\":611,\"height\":598,\"caption\":\"ZauberKunstTheater-Breno\"},\"image\":{\"@id\":\"https:\\\/\\\/zauberkunsttheater-breno.de\\\/#\\\/schema\\\/logo\\\/image\\\/\"}}]}<\/script>\n<!-- \/ Yoast SEO plugin. -->","yoast_head_json":{"title":"Zauberkunst f\u00fcr Sch\u00fclerinnen und Sch\u00fcler in Grund- und Mittelschulen - ZauberKunstTheater-Breno","description":"Der bekannte Zauberk\u00fcnstler und Magier begeistert mit seiner Show \"Zaubern in Schulen\" nicht nur Grund- und Mittelschulen.","robots":{"index":"index","follow":"follow","max-snippet":"max-snippet:-1","max-image-preview":"max-image-preview:large","max-video-preview":"max-video-preview:-1"},"canonical":"https:\/\/zauberkunsttheater-breno.de\/?page_id=30","og_locale":"de_DE","og_type":"article","og_title":"Zauberkunst f\u00fcr Sch\u00fclerinnen und Sch\u00fcler in Grund- und Mittelschulen - ZauberKunstTheater-Breno","og_description":"Der bekannte Zauberk\u00fcnstler und Magier begeistert mit seiner Show \"Zaubern in Schulen\" nicht nur Grund- und Mittelschulen.","og_url":"https:\/\/zauberkunsttheater-breno.de\/?page_id=30","og_site_name":"ZauberKunstTheater-Breno","article_modified_time":"2026-01-15T13:51:03+00:00","og_image":[{"width":360,"height":140,"url":"https:\/\/zauberkunsttheater-breno.de\/wp-content\/uploads\/2022\/01\/Pierre-Breno-zaubert-in-der-Schule-1.jpeg","type":"image\/jpeg"}],"twitter_card":"summary_large_image","twitter_misc":{"Gesch\u00e4tzte Lesezeit":"2\u00a0Minuten"},"schema":{"@context":"https:\/\/schema.org","@graph":[{"@type":"WebPage","@id":"https:\/\/zauberkunsttheater-breno.de\/?page_id=30","url":"https:\/\/zauberkunsttheater-breno.de\/?page_id=30","name":"Zauberkunst f\u00fcr Sch\u00fclerinnen und Sch\u00fcler in Grund- und Mittelschulen - ZauberKunstTheater-Breno","isPartOf":{"@id":"https:\/\/zauberkunsttheater-breno.de\/#website"},"primaryImageOfPage":{"@id":"https:\/\/zauberkunsttheater-breno.de\/?page_id=30#primaryimage"},"image":{"@id":"https:\/\/zauberkunsttheater-breno.de\/?page_id=30#primaryimage"},"thumbnailUrl":"https:\/\/zauberkunsttheater-breno.de\/wp-content\/uploads\/2022\/01\/Pierre-Breno-zaubert-in-der-Schule-1.jpeg","datePublished":"2022-01-14T18:10:16+00:00","dateModified":"2026-01-15T13:51:03+00:00","description":"Der bekannte Zauberk\u00fcnstler und Magier begeistert mit seiner Show \"Zaubern in Schulen\" nicht nur Grund- und Mittelschulen.","breadcrumb":{"@id":"https:\/\/zauberkunsttheater-breno.de\/?page_id=30#breadcrumb"},"inLanguage":"de","potentialAction":[{"@type":"ReadAction","target":["https:\/\/zauberkunsttheater-breno.de\/?page_id=30"]}]},{"@type":"ImageObject","inLanguage":"de","@id":"https:\/\/zauberkunsttheater-breno.de\/?page_id=30#primaryimage","url":"https:\/\/zauberkunsttheater-breno.de\/wp-content\/uploads\/2022\/01\/Pierre-Breno-zaubert-in-der-Schule-1.jpeg","contentUrl":"https:\/\/zauberkunsttheater-breno.de\/wp-content\/uploads\/2022\/01\/Pierre-Breno-zaubert-in-der-Schule-1.jpeg","width":360,"height":140,"caption":"Quelle: Homepage Hofheimer Grundschule"},{"@type":"BreadcrumbList","@id":"https:\/\/zauberkunsttheater-breno.de\/?page_id=30#breadcrumb","itemListElement":[{"@type":"ListItem","position":1,"name":"Startseite","item":"https:\/\/zauberkunsttheater-breno.de\/"},{"@type":"ListItem","position":2,"name":"Zauberkunst f\u00fcr Sch\u00fclerinnen und Sch\u00fcler in Grund- und Mittelschulen"}]},{"@type":"WebSite","@id":"https:\/\/zauberkunsttheater-breno.de\/#website","url":"https:\/\/zauberkunsttheater-breno.de\/","name":"ZauberKunstTheater-Breno","description":"","publisher":{"@id":"https:\/\/zauberkunsttheater-breno.de\/#organization"},"potentialAction":[{"@type":"SearchAction","target":{"@type":"EntryPoint","urlTemplate":"https:\/\/zauberkunsttheater-breno.de\/?s={search_term_string}"},"query-input":{"@type":"PropertyValueSpecification","valueRequired":true,"valueName":"search_term_string"}}],"inLanguage":"de"},{"@type":"Organization","@id":"https:\/\/zauberkunsttheater-breno.de\/#organization","name":"ZauberKunstTheater-Breno","url":"https:\/\/zauberkunsttheater-breno.de\/","logo":{"@type":"ImageObject","inLanguage":"de","@id":"https:\/\/zauberkunsttheater-breno.de\/#\/schema\/logo\/image\/","url":"https:\/\/zauberkunsttheater-breno.de\/wp-content\/uploads\/2022\/01\/Breno_Startseite.jpeg","contentUrl":"https:\/\/zauberkunsttheater-breno.de\/wp-content\/uploads\/2022\/01\/Breno_Startseite.jpeg","width":611,"height":598,"caption":"ZauberKunstTheater-Breno"},"image":{"@id":"https:\/\/zauberkunsttheater-breno.de\/#\/schema\/logo\/image\/"}}]}},"_links":{"self":[{"href":"https:\/\/zauberkunsttheater-breno.de\/index.php?rest_route=\/wp\/v2\/pages\/30","targetHints":{"allow":["GET"]}}],"collection":[{"href":"https:\/\/zauberkunsttheater-breno.de\/index.php?rest_route=\/wp\/v2\/pages"}],"about":[{"href":"https:\/\/zauberkunsttheater-breno.de\/index.php?rest_route=\/wp\/v2\/types\/page"}],"author":[{"embeddable":true,"href":"https:\/\/zauberkunsttheater-breno.de\/index.php?rest_route=\/wp\/v2\/users\/1"}],"replies":[{"embeddable":true,"href":"https:\/\/zauberkunsttheater-breno.de\/index.php?rest_route=%2Fwp%2Fv2%2Fcomments&post=30"}],"version-history":[{"count":30,"href":"https:\/\/zauberkunsttheater-breno.de\/index.php?rest_route=\/wp\/v2\/pages\/30\/revisions"}],"predecessor-version":[{"id":940,"href":"https:\/\/zauberkunsttheater-breno.de\/index.php?rest_route=\/wp\/v2\/pages\/30\/revisions\/940"}],"wp:attachment":[{"href":"https:\/\/zauberkunsttheater-breno.de\/index.php?rest_route=%2Fwp%2Fv2%2Fmedia&parent=30"}],"curies":[{"name":"wp","href":"https:\/\/api.w.org\/{rel}","templated":true}]}}