{"id":28,"date":"2022-01-14T18:09:38","date_gmt":"2022-01-14T18:09:38","guid":{"rendered":"https:\/\/inzaubertheater.live-website.com\/?page_id=28"},"modified":"2022-11-27T07:40:52","modified_gmt":"2022-11-27T07:40:52","slug":"pruefbericht","status":"publish","type":"page","link":"https:\/\/zauberkunsttheater-breno.de\/?page_id=28","title":{"rendered":"Pr\u00fcfbericht der Regierung von Oberbayern"},"content":{"rendered":"<div class=\"wp-block-image\">\n<figure class=\"aligncenter size-large\"><img loading=\"lazy\" decoding=\"async\" width=\"660\" height=\"1024\" src=\"https:\/\/zauberkunsttheater-breno.de\/wp-content\/uploads\/2022\/02\/Empfehlung-Regierung-von-Oberbayern-660x1024.jpg\" alt=\"Pr\u00fcfbericht der Regierung von Oberbayern - Pr\u00e4dikat P\u00e4dagogisch Wertvoll\" class=\"wp-image-211\" srcset=\"https:\/\/zauberkunsttheater-breno.de\/wp-content\/uploads\/2022\/02\/Empfehlung-Regierung-von-Oberbayern-660x1024.jpg 660w, https:\/\/zauberkunsttheater-breno.de\/wp-content\/uploads\/2022\/02\/Empfehlung-Regierung-von-Oberbayern-193x300.jpg 193w, https:\/\/zauberkunsttheater-breno.de\/wp-content\/uploads\/2022\/02\/Empfehlung-Regierung-von-Oberbayern-768x1191.jpg 768w, https:\/\/zauberkunsttheater-breno.de\/wp-content\/uploads\/2022\/02\/Empfehlung-Regierung-von-Oberbayern-990x1536.jpg 990w, https:\/\/zauberkunsttheater-breno.de\/wp-content\/uploads\/2022\/02\/Empfehlung-Regierung-von-Oberbayern-1320x2048.jpg 1320w, https:\/\/zauberkunsttheater-breno.de\/wp-content\/uploads\/2022\/02\/Empfehlung-Regierung-von-Oberbayern-800x1241.jpg 800w, https:\/\/zauberkunsttheater-breno.de\/wp-content\/uploads\/2022\/02\/Empfehlung-Regierung-von-Oberbayern-scaled.jpg 1650w\" sizes=\"auto, (max-width: 660px) 100vw, 660px\" \/><\/figure>\n<\/div>\n\n\n<p><\/p>\n\n\n<div class=\"wp-block-image\">\n<figure class=\"aligncenter size-large\"><img loading=\"lazy\" decoding=\"async\" width=\"708\" height=\"1024\" src=\"https:\/\/zauberkunsttheater-breno.de\/wp-content\/uploads\/2022\/01\/Bewertungsbogen-RegvObb-708x1024.jpeg\" alt=\"Bewertungsbogen des Pr\u00fcfbericht der Regierung von Oberbayern - Pr\u00e4dikat P\u00e4dagogisch Wertvoll\" class=\"wp-image-164\" srcset=\"https:\/\/zauberkunsttheater-breno.de\/wp-content\/uploads\/2022\/01\/Bewertungsbogen-RegvObb-708x1024.jpeg 708w, https:\/\/zauberkunsttheater-breno.de\/wp-content\/uploads\/2022\/01\/Bewertungsbogen-RegvObb-207x300.jpeg 207w, https:\/\/zauberkunsttheater-breno.de\/wp-content\/uploads\/2022\/01\/Bewertungsbogen-RegvObb-768x1111.jpeg 768w, https:\/\/zauberkunsttheater-breno.de\/wp-content\/uploads\/2022\/01\/Bewertungsbogen-RegvObb-800x1157.jpeg 800w, https:\/\/zauberkunsttheater-breno.de\/wp-content\/uploads\/2022\/01\/Bewertungsbogen-RegvObb.jpeg 806w\" sizes=\"auto, (max-width: 708px) 100vw, 708px\" \/><\/figure>\n<\/div>\n\n\n<p><\/p>\n\n\n\n<h3 class=\"has-text-color wp-block-heading\" id=\"anmerkung-zum-verbesserungsvorschlag-der-prufungskommission-aus-meiner-sicht\" style=\"color:#031ef0\"><strong>Anmerkung zum Verbesserungsvorschlag der Pr\u00fcfungskommission aus meiner Sicht<\/strong>:<\/h3>\n\n\n\n<p class=\"has-text-align-center\" style=\"font-size:18px\">Die Vorbereitung und die Einstudierung selbst von einem einfachen Zauberkunstst\u00fcck erfordert Zeit und Fingerfertigkeiten. Ich denke z.B. an die &#8222;Verflixte B\u00fcroklammer&#8220;. Dieses Zauberkunstst\u00fcck habe ich in der Pr\u00fcfungskommission im Nachhinein vorgef\u00fchrt. Oder an die ber\u00fchmte &#8222;Zaubert\u00fcte&#8220;. Das sind einfache Zauberkunstst\u00fccke, die f\u00fcr die 3. und 4. Klasse hinsichtlich Vorbereitung und Vorf\u00fchrung kein Problem darstellt. Eine gewisse Fingerfertigkeit und exakte Falttechnik sind f\u00fcr das Herstellen des Kunstst\u00fcckes Voraussetzung und daher nicht unbedingt f\u00fcr die 1. und 2. Klasse geeignet. Ausnahmen gibt es nat\u00fcrlich. Ebenso ist auch die Einstudierung und \u00dcbung des Zauberkunstst\u00fccks wichtig. Es sind also dar\u00fcber hinaus einige wichtige Grundlagen erforderlich, denn die Sch\u00fclerinnen und Sch\u00fcler m\u00f6chten das Zauberkunstst\u00fcck ja auch vorf\u00fchren k\u00f6nnen:<br>Erfolgserlebnis!<\/p>\n\n\n\n<p class=\"has-text-align-center\" style=\"font-size:18px\">Im Werkunterricht kann man das auf Klassenst\u00e4rke sehr wohl anbieten. <br>F\u00fcr 250 Kinder ist das in einer \u00fcberschaubaren Zeit nicht zu bewerkstelligen.<\/p>\n\n\n\n<p class=\"has-text-align-center\" style=\"font-size:18px\">Meine Erfahrung diesbez\u00fcglich habe ich als Dozent f\u00fcr Nachwuchsf\u00f6rderung an verschiedenen Volkshochschulen erlangt.<br>Ich biete Kinder-Zauberworkshops auch Schulen an.<\/p>\n\n\n\n<p class=\"has-text-align-center has-medium-font-size\"><strong>Na dann: &#8222;Gut Trick&#8220; &#8211; ihr Pierre Breno<\/strong><\/p>\n","protected":false},"excerpt":{"rendered":"<p>Anmerkung zum Verbesserungsvorschlag der Pr\u00fcfungskommission aus meiner Sicht: Die Vorbereitung und die Einstudierung selbst von einem einfachen Zauberkunstst\u00fcck erfordert Zeit und Fingerfertigkeiten. Ich denke z.B. an die &#8222;Verflixte B\u00fcroklammer&#8220;. Dieses Zauberkunstst\u00fcck habe ich in der Pr\u00fcfungskommission im Nachhinein vorgef\u00fchrt. Oder an die ber\u00fchmte &#8222;Zaubert\u00fcte&#8220;. Das sind einfache Zauberkunstst\u00fccke, die f\u00fcr die 3. und 4. Klasse hinsichtlich Vorbereitung und Vorf\u00fchrung kein<\/p>\n<p><a class=\"more-link\" href=\"https:\/\/zauberkunsttheater-breno.de\/?page_id=28\">Weiterlesen<\/a><\/p>\n","protected":false},"author":1,"featured_media":0,"parent":0,"menu_order":300,"comment_status":"closed","ping_status":"closed","template":"","meta":{"footnotes":""},"class_list":["post-28","page","type-page","status-publish","hentry"],"yoast_head":"<!-- This site is optimized with the Yoast SEO plugin v27.5 - https:\/\/yoast.com\/product\/yoast-seo-wordpress\/ -->\n<title>Pr\u00fcfbericht der Regierung von Oberbayern - ZauberKunstTheater-Breno<\/title>\n<meta name=\"description\" content=\"Der bekannte Ingolst\u00e4dter Zauberk\u00fcnstler und Magier Pierre Breno wurde von der Regierung Oberbayern gepr\u00fcft und wird f\u00fcr Schulen empfohlen.\" \/>\n<meta name=\"robots\" content=\"index, follow, max-snippet:-1, max-image-preview:large, max-video-preview:-1\" \/>\n<link rel=\"canonical\" href=\"https:\/\/zauberkunsttheater-breno.de\/?page_id=28\" \/>\n<meta property=\"og:locale\" content=\"de_DE\" \/>\n<meta property=\"og:type\" content=\"article\" \/>\n<meta property=\"og:title\" content=\"Pr\u00fcfbericht der Regierung von Oberbayern - ZauberKunstTheater-Breno\" \/>\n<meta property=\"og:description\" content=\"Der bekannte Ingolst\u00e4dter Zauberk\u00fcnstler und Magier Pierre Breno wurde von der Regierung Oberbayern gepr\u00fcft und wird f\u00fcr Schulen empfohlen.\" \/>\n<meta property=\"og:url\" content=\"https:\/\/zauberkunsttheater-breno.de\/?page_id=28\" \/>\n<meta property=\"og:site_name\" content=\"ZauberKunstTheater-Breno\" \/>\n<meta property=\"article:modified_time\" content=\"2022-11-27T07:40:52+00:00\" \/>\n<meta property=\"og:image\" content=\"https:\/\/zauberkunsttheater-breno.de\/wp-content\/uploads\/2022\/02\/Empfehlung-Regierung-von-Oberbayern-660x1024.jpg\" \/>\n<meta name=\"twitter:card\" content=\"summary_large_image\" \/>\n<meta name=\"twitter:label1\" content=\"Gesch\u00e4tzte Lesezeit\" \/>\n\t<meta name=\"twitter:data1\" content=\"2\u00a0Minuten\" \/>\n<script type=\"application\/ld+json\" class=\"yoast-schema-graph\">{\"@context\":\"https:\\\/\\\/schema.org\",\"@graph\":[{\"@type\":\"WebPage\",\"@id\":\"https:\\\/\\\/zauberkunsttheater-breno.de\\\/?page_id=28\",\"url\":\"https:\\\/\\\/zauberkunsttheater-breno.de\\\/?page_id=28\",\"name\":\"Pr\u00fcfbericht der Regierung von Oberbayern - ZauberKunstTheater-Breno\",\"isPartOf\":{\"@id\":\"https:\\\/\\\/zauberkunsttheater-breno.de\\\/#website\"},\"primaryImageOfPage\":{\"@id\":\"https:\\\/\\\/zauberkunsttheater-breno.de\\\/?page_id=28#primaryimage\"},\"image\":{\"@id\":\"https:\\\/\\\/zauberkunsttheater-breno.de\\\/?page_id=28#primaryimage\"},\"thumbnailUrl\":\"https:\\\/\\\/zauberkunsttheater-breno.de\\\/wp-content\\\/uploads\\\/2022\\\/02\\\/Empfehlung-Regierung-von-Oberbayern-660x1024.jpg\",\"datePublished\":\"2022-01-14T18:09:38+00:00\",\"dateModified\":\"2022-11-27T07:40:52+00:00\",\"description\":\"Der bekannte Ingolst\u00e4dter Zauberk\u00fcnstler und Magier Pierre Breno wurde von der Regierung Oberbayern gepr\u00fcft und wird f\u00fcr Schulen empfohlen.\",\"breadcrumb\":{\"@id\":\"https:\\\/\\\/zauberkunsttheater-breno.de\\\/?page_id=28#breadcrumb\"},\"inLanguage\":\"de\",\"potentialAction\":[{\"@type\":\"ReadAction\",\"target\":[\"https:\\\/\\\/zauberkunsttheater-breno.de\\\/?page_id=28\"]}]},{\"@type\":\"ImageObject\",\"inLanguage\":\"de\",\"@id\":\"https:\\\/\\\/zauberkunsttheater-breno.de\\\/?page_id=28#primaryimage\",\"url\":\"https:\\\/\\\/zauberkunsttheater-breno.de\\\/wp-content\\\/uploads\\\/2022\\\/02\\\/Empfehlung-Regierung-von-Oberbayern-660x1024.jpg\",\"contentUrl\":\"https:\\\/\\\/zauberkunsttheater-breno.de\\\/wp-content\\\/uploads\\\/2022\\\/02\\\/Empfehlung-Regierung-von-Oberbayern-660x1024.jpg\"},{\"@type\":\"BreadcrumbList\",\"@id\":\"https:\\\/\\\/zauberkunsttheater-breno.de\\\/?page_id=28#breadcrumb\",\"itemListElement\":[{\"@type\":\"ListItem\",\"position\":1,\"name\":\"Startseite\",\"item\":\"https:\\\/\\\/zauberkunsttheater-breno.de\\\/\"},{\"@type\":\"ListItem\",\"position\":2,\"name\":\"Pr\u00fcfbericht der Regierung von Oberbayern\"}]},{\"@type\":\"WebSite\",\"@id\":\"https:\\\/\\\/zauberkunsttheater-breno.de\\\/#website\",\"url\":\"https:\\\/\\\/zauberkunsttheater-breno.de\\\/\",\"name\":\"ZauberKunstTheater-Breno\",\"description\":\"\",\"publisher\":{\"@id\":\"https:\\\/\\\/zauberkunsttheater-breno.de\\\/#organization\"},\"potentialAction\":[{\"@type\":\"SearchAction\",\"target\":{\"@type\":\"EntryPoint\",\"urlTemplate\":\"https:\\\/\\\/zauberkunsttheater-breno.de\\\/?s={search_term_string}\"},\"query-input\":{\"@type\":\"PropertyValueSpecification\",\"valueRequired\":true,\"valueName\":\"search_term_string\"}}],\"inLanguage\":\"de\"},{\"@type\":\"Organization\",\"@id\":\"https:\\\/\\\/zauberkunsttheater-breno.de\\\/#organization\",\"name\":\"ZauberKunstTheater-Breno\",\"url\":\"https:\\\/\\\/zauberkunsttheater-breno.de\\\/\",\"logo\":{\"@type\":\"ImageObject\",\"inLanguage\":\"de\",\"@id\":\"https:\\\/\\\/zauberkunsttheater-breno.de\\\/#\\\/schema\\\/logo\\\/image\\\/\",\"url\":\"https:\\\/\\\/zauberkunsttheater-breno.de\\\/wp-content\\\/uploads\\\/2022\\\/01\\\/Breno_Startseite.jpeg\",\"contentUrl\":\"https:\\\/\\\/zauberkunsttheater-breno.de\\\/wp-content\\\/uploads\\\/2022\\\/01\\\/Breno_Startseite.jpeg\",\"width\":611,\"height\":598,\"caption\":\"ZauberKunstTheater-Breno\"},\"image\":{\"@id\":\"https:\\\/\\\/zauberkunsttheater-breno.de\\\/#\\\/schema\\\/logo\\\/image\\\/\"}}]}<\/script>\n<!-- \/ Yoast SEO plugin. -->","yoast_head_json":{"title":"Pr\u00fcfbericht der Regierung von Oberbayern - ZauberKunstTheater-Breno","description":"Der bekannte Ingolst\u00e4dter Zauberk\u00fcnstler und Magier Pierre Breno wurde von der Regierung Oberbayern gepr\u00fcft und wird f\u00fcr Schulen empfohlen.","robots":{"index":"index","follow":"follow","max-snippet":"max-snippet:-1","max-image-preview":"max-image-preview:large","max-video-preview":"max-video-preview:-1"},"canonical":"https:\/\/zauberkunsttheater-breno.de\/?page_id=28","og_locale":"de_DE","og_type":"article","og_title":"Pr\u00fcfbericht der Regierung von Oberbayern - ZauberKunstTheater-Breno","og_description":"Der bekannte Ingolst\u00e4dter Zauberk\u00fcnstler und Magier Pierre Breno wurde von der Regierung Oberbayern gepr\u00fcft und wird f\u00fcr Schulen empfohlen.","og_url":"https:\/\/zauberkunsttheater-breno.de\/?page_id=28","og_site_name":"ZauberKunstTheater-Breno","article_modified_time":"2022-11-27T07:40:52+00:00","og_image":[{"url":"https:\/\/zauberkunsttheater-breno.de\/wp-content\/uploads\/2022\/02\/Empfehlung-Regierung-von-Oberbayern-660x1024.jpg","type":"","width":"","height":""}],"twitter_card":"summary_large_image","twitter_misc":{"Gesch\u00e4tzte Lesezeit":"2\u00a0Minuten"},"schema":{"@context":"https:\/\/schema.org","@graph":[{"@type":"WebPage","@id":"https:\/\/zauberkunsttheater-breno.de\/?page_id=28","url":"https:\/\/zauberkunsttheater-breno.de\/?page_id=28","name":"Pr\u00fcfbericht der Regierung von Oberbayern - ZauberKunstTheater-Breno","isPartOf":{"@id":"https:\/\/zauberkunsttheater-breno.de\/#website"},"primaryImageOfPage":{"@id":"https:\/\/zauberkunsttheater-breno.de\/?page_id=28#primaryimage"},"image":{"@id":"https:\/\/zauberkunsttheater-breno.de\/?page_id=28#primaryimage"},"thumbnailUrl":"https:\/\/zauberkunsttheater-breno.de\/wp-content\/uploads\/2022\/02\/Empfehlung-Regierung-von-Oberbayern-660x1024.jpg","datePublished":"2022-01-14T18:09:38+00:00","dateModified":"2022-11-27T07:40:52+00:00","description":"Der bekannte Ingolst\u00e4dter Zauberk\u00fcnstler und Magier Pierre Breno wurde von der Regierung Oberbayern gepr\u00fcft und wird f\u00fcr Schulen empfohlen.","breadcrumb":{"@id":"https:\/\/zauberkunsttheater-breno.de\/?page_id=28#breadcrumb"},"inLanguage":"de","potentialAction":[{"@type":"ReadAction","target":["https:\/\/zauberkunsttheater-breno.de\/?page_id=28"]}]},{"@type":"ImageObject","inLanguage":"de","@id":"https:\/\/zauberkunsttheater-breno.de\/?page_id=28#primaryimage","url":"https:\/\/zauberkunsttheater-breno.de\/wp-content\/uploads\/2022\/02\/Empfehlung-Regierung-von-Oberbayern-660x1024.jpg","contentUrl":"https:\/\/zauberkunsttheater-breno.de\/wp-content\/uploads\/2022\/02\/Empfehlung-Regierung-von-Oberbayern-660x1024.jpg"},{"@type":"BreadcrumbList","@id":"https:\/\/zauberkunsttheater-breno.de\/?page_id=28#breadcrumb","itemListElement":[{"@type":"ListItem","position":1,"name":"Startseite","item":"https:\/\/zauberkunsttheater-breno.de\/"},{"@type":"ListItem","position":2,"name":"Pr\u00fcfbericht der Regierung von Oberbayern"}]},{"@type":"WebSite","@id":"https:\/\/zauberkunsttheater-breno.de\/#website","url":"https:\/\/zauberkunsttheater-breno.de\/","name":"ZauberKunstTheater-Breno","description":"","publisher":{"@id":"https:\/\/zauberkunsttheater-breno.de\/#organization"},"potentialAction":[{"@type":"SearchAction","target":{"@type":"EntryPoint","urlTemplate":"https:\/\/zauberkunsttheater-breno.de\/?s={search_term_string}"},"query-input":{"@type":"PropertyValueSpecification","valueRequired":true,"valueName":"search_term_string"}}],"inLanguage":"de"},{"@type":"Organization","@id":"https:\/\/zauberkunsttheater-breno.de\/#organization","name":"ZauberKunstTheater-Breno","url":"https:\/\/zauberkunsttheater-breno.de\/","logo":{"@type":"ImageObject","inLanguage":"de","@id":"https:\/\/zauberkunsttheater-breno.de\/#\/schema\/logo\/image\/","url":"https:\/\/zauberkunsttheater-breno.de\/wp-content\/uploads\/2022\/01\/Breno_Startseite.jpeg","contentUrl":"https:\/\/zauberkunsttheater-breno.de\/wp-content\/uploads\/2022\/01\/Breno_Startseite.jpeg","width":611,"height":598,"caption":"ZauberKunstTheater-Breno"},"image":{"@id":"https:\/\/zauberkunsttheater-breno.de\/#\/schema\/logo\/image\/"}}]}},"_links":{"self":[{"href":"https:\/\/zauberkunsttheater-breno.de\/index.php?rest_route=\/wp\/v2\/pages\/28","targetHints":{"allow":["GET"]}}],"collection":[{"href":"https:\/\/zauberkunsttheater-breno.de\/index.php?rest_route=\/wp\/v2\/pages"}],"about":[{"href":"https:\/\/zauberkunsttheater-breno.de\/index.php?rest_route=\/wp\/v2\/types\/page"}],"author":[{"embeddable":true,"href":"https:\/\/zauberkunsttheater-breno.de\/index.php?rest_route=\/wp\/v2\/users\/1"}],"replies":[{"embeddable":true,"href":"https:\/\/zauberkunsttheater-breno.de\/index.php?rest_route=%2Fwp%2Fv2%2Fcomments&post=28"}],"version-history":[{"count":9,"href":"https:\/\/zauberkunsttheater-breno.de\/index.php?rest_route=\/wp\/v2\/pages\/28\/revisions"}],"predecessor-version":[{"id":523,"href":"https:\/\/zauberkunsttheater-breno.de\/index.php?rest_route=\/wp\/v2\/pages\/28\/revisions\/523"}],"wp:attachment":[{"href":"https:\/\/zauberkunsttheater-breno.de\/index.php?rest_route=%2Fwp%2Fv2%2Fmedia&parent=28"}],"curies":[{"name":"wp","href":"https:\/\/api.w.org\/{rel}","templated":true}]}}