{"id":139,"date":"2022-01-21T16:57:26","date_gmt":"2022-01-21T16:57:26","guid":{"rendered":"https:\/\/inzaubertheater.live-website.com\/?page_id=139"},"modified":"2023-11-12T15:05:07","modified_gmt":"2023-11-12T15:05:07","slug":"kontakt","status":"publish","type":"page","link":"https:\/\/zauberkunsttheater-breno.de\/?page_id=139","title":{"rendered":"Kontakt"},"content":{"rendered":"<div class=\"wpforms-container wpforms-container-full wpforms-block wpforms-block-ad8eef25-ed63-4874-8dce-2ffae378f9c1\" id=\"wpforms-141\"><form id=\"wpforms-form-141\" class=\"wpforms-validate wpforms-form wpforms-ajax-form\" data-formid=\"141\" method=\"post\" enctype=\"multipart\/form-data\" action=\"\/index.php?rest_route=%2Fwp%2Fv2%2Fpages%2F139\" data-token=\"375fcc974dc74580525816f8c18061b4\" data-token-time=\"1776494986\"><noscript class=\"wpforms-error-noscript\">Bitte aktiviere JavaScript in deinem Browser, um dieses Formular fertigzustellen.<\/noscript><div class=\"wpforms-field-container\"><div id=\"wpforms-141-field_0-container\" class=\"wpforms-field wpforms-field-name\" data-field-id=\"0\"><label class=\"wpforms-field-label\">Name <span class=\"wpforms-required-label\">*<\/span><\/label><div class=\"wpforms-field-row wpforms-field-medium\"><div class=\"wpforms-field-row-block wpforms-first wpforms-one-half\"><input type=\"text\" id=\"wpforms-141-field_0\" class=\"wpforms-field-name-first wpforms-field-required\" name=\"wpforms[fields][0][first]\" required><label for=\"wpforms-141-field_0\" class=\"wpforms-field-sublabel after\">Vorname<\/label><\/div><div class=\"wpforms-field-row-block wpforms-one-half\"><input type=\"text\" id=\"wpforms-141-field_0-last\" class=\"wpforms-field-name-last wpforms-field-required\" name=\"wpforms[fields][0][last]\" required><label for=\"wpforms-141-field_0-last\" class=\"wpforms-field-sublabel after\">Nachname<\/label><\/div><\/div><\/div><div id=\"wpforms-141-field_1-container\" class=\"wpforms-field wpforms-field-email\" data-field-id=\"1\"><label class=\"wpforms-field-label\" for=\"wpforms-141-field_1\">Email <span class=\"wpforms-required-label\">*<\/span><\/label><input type=\"email\" id=\"wpforms-141-field_1\" class=\"wpforms-field-medium wpforms-field-required\" name=\"wpforms[fields][1]\" spellcheck=\"false\" required><\/div><div id=\"wpforms-141-field_6-container\" class=\"wpforms-field wpforms-field-text\" data-field-id=\"6\"><label class=\"wpforms-field-label\" for=\"wpforms-141-field_6\">Betreff <span class=\"wpforms-required-label\">*<\/span><\/label><input type=\"text\" id=\"wpforms-141-field_6\" class=\"wpforms-field-medium wpforms-field-required\" name=\"wpforms[fields][6]\" required><\/div><div id=\"wpforms-141-field_2-container\" class=\"wpforms-field wpforms-field-textarea\" data-field-id=\"2\"><label class=\"wpforms-field-label\" for=\"wpforms-141-field_2\">Anfrage <span class=\"wpforms-required-label\">*<\/span><\/label><textarea id=\"wpforms-141-field_2\" class=\"wpforms-field-medium wpforms-field-required\" name=\"wpforms[fields][2]\" required><\/textarea><\/div><div id=\"wpforms-141-field_5-container\" class=\"wpforms-field wpforms-field-gdpr-checkbox\" data-field-id=\"5\"><label class=\"wpforms-field-label\">DSGVO-Einverst\u00e4ndnis <span class=\"wpforms-required-label\">*<\/span><\/label><ul id=\"wpforms-141-field_5\" class=\"wpforms-field-required\"><li class=\"choice-1\"><input type=\"checkbox\" id=\"wpforms-141-field_5_1\" name=\"wpforms[fields][5][]\" value=\"Ich willige ein, dass diese Website meine \u00fcbermittelten Informationen speichert, sodass meine Anfrage beantwortet werden kann.\" required ><label class=\"wpforms-field-label-inline\" for=\"wpforms-141-field_5_1\">Ich willige ein, dass diese Website meine \u00fcbermittelten Informationen speichert, sodass meine Anfrage beantwortet werden kann.<\/label><\/li><\/ul><\/div><\/div><!-- .wpforms-field-container --><div class=\"wpforms-recaptcha-container wpforms-is-hcaptcha\" ><div class=\"h-captcha\" data-sitekey=\"37123744-4f23-45a4-925f-920f13048eb4\"><\/div><input type=\"text\" name=\"g-recaptcha-hidden\" class=\"wpforms-recaptcha-hidden\" style=\"position:absolute!important;clip:rect(0,0,0,0)!important;height:1px!important;width:1px!important;border:0!important;overflow:hidden!important;padding:0!important;margin:0!important;\" data-rule-hcaptcha=\"1\"><\/div><div class=\"wpforms-submit-container\" ><input type=\"hidden\" name=\"wpforms[id]\" value=\"141\"><input type=\"hidden\" name=\"page_title\" value=\"\"><input type=\"hidden\" name=\"page_url\" value=\"https:\/\/zauberkunsttheater-breno.de\/index.php?rest_route=\/wp\/v2\/pages\/139\"><input type=\"hidden\" name=\"url_referer\" value=\"\"><button type=\"submit\" name=\"wpforms[submit]\" id=\"wpforms-submit-141\" class=\"wpforms-submit\" data-alt-text=\"Sending...\" data-submit-text=\"Senden\" aria-live=\"assertive\" value=\"wpforms-submit\">Senden<\/button><img loading=\"lazy\" decoding=\"async\" src=\"https:\/\/zauberkunsttheater-breno.de\/wp-content\/plugins\/wpforms-lite\/assets\/images\/submit-spin.svg\" class=\"wpforms-submit-spinner\" style=\"display: none;\" width=\"26\" height=\"26\" alt=\"Wird geladen\"><\/div><\/form><\/div>  <!-- .wpforms-container -->\n\n\n<p>Gerne k\u00f6nnen Sie mich auch \u00fcber meiner Website kontaktieren. Ich werde Ihre Fragen schnellstm\u00f6glich beantworten. <\/p>\n","protected":false},"excerpt":{"rendered":"<p>Gerne k\u00f6nnen Sie mich auch \u00fcber meiner Website kontaktieren. Ich werde Ihre Fragen schnellstm\u00f6glich beantworten.<\/p>\n","protected":false},"author":1,"featured_media":0,"parent":0,"menu_order":800,"comment_status":"closed","ping_status":"closed","template":"","meta":{"footnotes":""},"class_list":["post-139","page","type-page","status-publish","hentry"],"yoast_head":"<!-- This site is optimized with the Yoast SEO plugin v27.4 - https:\/\/yoast.com\/product\/yoast-seo-wordpress\/ -->\n<title>Kontakt - ZauberKunstTheater-Breno<\/title>\n<meta name=\"description\" content=\"Die Kontaktseite des bekannten Ingolst\u00e4dters Zauberk\u00fcnstler und Magier Pierre Breno auf seiner Website ZauberKunstTheater-Breno.\" \/>\n<meta name=\"robots\" content=\"index, follow, max-snippet:-1, max-image-preview:large, max-video-preview:-1\" \/>\n<link rel=\"canonical\" href=\"https:\/\/zauberkunsttheater-breno.de\/?page_id=139\" \/>\n<meta property=\"og:locale\" content=\"de_DE\" \/>\n<meta property=\"og:type\" content=\"article\" \/>\n<meta property=\"og:title\" content=\"Kontakt - ZauberKunstTheater-Breno\" \/>\n<meta property=\"og:description\" content=\"Die Kontaktseite des bekannten Ingolst\u00e4dters Zauberk\u00fcnstler und Magier Pierre Breno auf seiner Website ZauberKunstTheater-Breno.\" \/>\n<meta property=\"og:url\" content=\"https:\/\/zauberkunsttheater-breno.de\/?page_id=139\" \/>\n<meta property=\"og:site_name\" content=\"ZauberKunstTheater-Breno\" \/>\n<meta property=\"article:modified_time\" content=\"2023-11-12T15:05:07+00:00\" \/>\n<meta name=\"twitter:card\" content=\"summary_large_image\" \/>\n<meta name=\"twitter:label1\" content=\"Gesch\u00e4tzte Lesezeit\" \/>\n\t<meta name=\"twitter:data1\" content=\"1\u00a0Minute\" \/>\n<script type=\"application\/ld+json\" class=\"yoast-schema-graph\">{\"@context\":\"https:\\\/\\\/schema.org\",\"@graph\":[{\"@type\":\"WebPage\",\"@id\":\"https:\\\/\\\/zauberkunsttheater-breno.de\\\/?page_id=139\",\"url\":\"https:\\\/\\\/zauberkunsttheater-breno.de\\\/?page_id=139\",\"name\":\"Kontakt - ZauberKunstTheater-Breno\",\"isPartOf\":{\"@id\":\"https:\\\/\\\/zauberkunsttheater-breno.de\\\/#website\"},\"datePublished\":\"2022-01-21T16:57:26+00:00\",\"dateModified\":\"2023-11-12T15:05:07+00:00\",\"description\":\"Die Kontaktseite des bekannten Ingolst\u00e4dters Zauberk\u00fcnstler und Magier Pierre Breno auf seiner Website ZauberKunstTheater-Breno.\",\"breadcrumb\":{\"@id\":\"https:\\\/\\\/zauberkunsttheater-breno.de\\\/?page_id=139#breadcrumb\"},\"inLanguage\":\"de\",\"potentialAction\":[{\"@type\":\"ReadAction\",\"target\":[\"https:\\\/\\\/zauberkunsttheater-breno.de\\\/?page_id=139\"]}]},{\"@type\":\"BreadcrumbList\",\"@id\":\"https:\\\/\\\/zauberkunsttheater-breno.de\\\/?page_id=139#breadcrumb\",\"itemListElement\":[{\"@type\":\"ListItem\",\"position\":1,\"name\":\"Startseite\",\"item\":\"https:\\\/\\\/zauberkunsttheater-breno.de\\\/\"},{\"@type\":\"ListItem\",\"position\":2,\"name\":\"Kontakt\"}]},{\"@type\":\"WebSite\",\"@id\":\"https:\\\/\\\/zauberkunsttheater-breno.de\\\/#website\",\"url\":\"https:\\\/\\\/zauberkunsttheater-breno.de\\\/\",\"name\":\"ZauberKunstTheater-Breno\",\"description\":\"\",\"publisher\":{\"@id\":\"https:\\\/\\\/zauberkunsttheater-breno.de\\\/#organization\"},\"potentialAction\":[{\"@type\":\"SearchAction\",\"target\":{\"@type\":\"EntryPoint\",\"urlTemplate\":\"https:\\\/\\\/zauberkunsttheater-breno.de\\\/?s={search_term_string}\"},\"query-input\":{\"@type\":\"PropertyValueSpecification\",\"valueRequired\":true,\"valueName\":\"search_term_string\"}}],\"inLanguage\":\"de\"},{\"@type\":\"Organization\",\"@id\":\"https:\\\/\\\/zauberkunsttheater-breno.de\\\/#organization\",\"name\":\"ZauberKunstTheater-Breno\",\"url\":\"https:\\\/\\\/zauberkunsttheater-breno.de\\\/\",\"logo\":{\"@type\":\"ImageObject\",\"inLanguage\":\"de\",\"@id\":\"https:\\\/\\\/zauberkunsttheater-breno.de\\\/#\\\/schema\\\/logo\\\/image\\\/\",\"url\":\"https:\\\/\\\/zauberkunsttheater-breno.de\\\/wp-content\\\/uploads\\\/2022\\\/01\\\/Breno_Startseite.jpeg\",\"contentUrl\":\"https:\\\/\\\/zauberkunsttheater-breno.de\\\/wp-content\\\/uploads\\\/2022\\\/01\\\/Breno_Startseite.jpeg\",\"width\":611,\"height\":598,\"caption\":\"ZauberKunstTheater-Breno\"},\"image\":{\"@id\":\"https:\\\/\\\/zauberkunsttheater-breno.de\\\/#\\\/schema\\\/logo\\\/image\\\/\"}}]}<\/script>\n<!-- \/ Yoast SEO plugin. -->","yoast_head_json":{"title":"Kontakt - ZauberKunstTheater-Breno","description":"Die Kontaktseite des bekannten Ingolst\u00e4dters Zauberk\u00fcnstler und Magier Pierre Breno auf seiner Website ZauberKunstTheater-Breno.","robots":{"index":"index","follow":"follow","max-snippet":"max-snippet:-1","max-image-preview":"max-image-preview:large","max-video-preview":"max-video-preview:-1"},"canonical":"https:\/\/zauberkunsttheater-breno.de\/?page_id=139","og_locale":"de_DE","og_type":"article","og_title":"Kontakt - ZauberKunstTheater-Breno","og_description":"Die Kontaktseite des bekannten Ingolst\u00e4dters Zauberk\u00fcnstler und Magier Pierre Breno auf seiner Website ZauberKunstTheater-Breno.","og_url":"https:\/\/zauberkunsttheater-breno.de\/?page_id=139","og_site_name":"ZauberKunstTheater-Breno","article_modified_time":"2023-11-12T15:05:07+00:00","twitter_card":"summary_large_image","twitter_misc":{"Gesch\u00e4tzte Lesezeit":"1\u00a0Minute"},"schema":{"@context":"https:\/\/schema.org","@graph":[{"@type":"WebPage","@id":"https:\/\/zauberkunsttheater-breno.de\/?page_id=139","url":"https:\/\/zauberkunsttheater-breno.de\/?page_id=139","name":"Kontakt - ZauberKunstTheater-Breno","isPartOf":{"@id":"https:\/\/zauberkunsttheater-breno.de\/#website"},"datePublished":"2022-01-21T16:57:26+00:00","dateModified":"2023-11-12T15:05:07+00:00","description":"Die Kontaktseite des bekannten Ingolst\u00e4dters Zauberk\u00fcnstler und Magier Pierre Breno auf seiner Website ZauberKunstTheater-Breno.","breadcrumb":{"@id":"https:\/\/zauberkunsttheater-breno.de\/?page_id=139#breadcrumb"},"inLanguage":"de","potentialAction":[{"@type":"ReadAction","target":["https:\/\/zauberkunsttheater-breno.de\/?page_id=139"]}]},{"@type":"BreadcrumbList","@id":"https:\/\/zauberkunsttheater-breno.de\/?page_id=139#breadcrumb","itemListElement":[{"@type":"ListItem","position":1,"name":"Startseite","item":"https:\/\/zauberkunsttheater-breno.de\/"},{"@type":"ListItem","position":2,"name":"Kontakt"}]},{"@type":"WebSite","@id":"https:\/\/zauberkunsttheater-breno.de\/#website","url":"https:\/\/zauberkunsttheater-breno.de\/","name":"ZauberKunstTheater-Breno","description":"","publisher":{"@id":"https:\/\/zauberkunsttheater-breno.de\/#organization"},"potentialAction":[{"@type":"SearchAction","target":{"@type":"EntryPoint","urlTemplate":"https:\/\/zauberkunsttheater-breno.de\/?s={search_term_string}"},"query-input":{"@type":"PropertyValueSpecification","valueRequired":true,"valueName":"search_term_string"}}],"inLanguage":"de"},{"@type":"Organization","@id":"https:\/\/zauberkunsttheater-breno.de\/#organization","name":"ZauberKunstTheater-Breno","url":"https:\/\/zauberkunsttheater-breno.de\/","logo":{"@type":"ImageObject","inLanguage":"de","@id":"https:\/\/zauberkunsttheater-breno.de\/#\/schema\/logo\/image\/","url":"https:\/\/zauberkunsttheater-breno.de\/wp-content\/uploads\/2022\/01\/Breno_Startseite.jpeg","contentUrl":"https:\/\/zauberkunsttheater-breno.de\/wp-content\/uploads\/2022\/01\/Breno_Startseite.jpeg","width":611,"height":598,"caption":"ZauberKunstTheater-Breno"},"image":{"@id":"https:\/\/zauberkunsttheater-breno.de\/#\/schema\/logo\/image\/"}}]}},"_links":{"self":[{"href":"https:\/\/zauberkunsttheater-breno.de\/index.php?rest_route=\/wp\/v2\/pages\/139","targetHints":{"allow":["GET"]}}],"collection":[{"href":"https:\/\/zauberkunsttheater-breno.de\/index.php?rest_route=\/wp\/v2\/pages"}],"about":[{"href":"https:\/\/zauberkunsttheater-breno.de\/index.php?rest_route=\/wp\/v2\/types\/page"}],"author":[{"embeddable":true,"href":"https:\/\/zauberkunsttheater-breno.de\/index.php?rest_route=\/wp\/v2\/users\/1"}],"replies":[{"embeddable":true,"href":"https:\/\/zauberkunsttheater-breno.de\/index.php?rest_route=%2Fwp%2Fv2%2Fcomments&post=139"}],"version-history":[{"count":4,"href":"https:\/\/zauberkunsttheater-breno.de\/index.php?rest_route=\/wp\/v2\/pages\/139\/revisions"}],"predecessor-version":[{"id":725,"href":"https:\/\/zauberkunsttheater-breno.de\/index.php?rest_route=\/wp\/v2\/pages\/139\/revisions\/725"}],"wp:attachment":[{"href":"https:\/\/zauberkunsttheater-breno.de\/index.php?rest_route=%2Fwp%2Fv2%2Fmedia&parent=139"}],"curies":[{"name":"wp","href":"https:\/\/api.w.org\/{rel}","templated":true}]}}