{"id":125,"date":"2022-01-21T15:52:23","date_gmt":"2022-01-21T15:52:23","guid":{"rendered":"https:\/\/inzaubertheater.live-website.com\/?page_id=125"},"modified":"2022-11-27T07:37:36","modified_gmt":"2022-11-27T07:37:36","slug":"pierre-breno-liest","status":"publish","type":"page","link":"https:\/\/zauberkunsttheater-breno.de\/?page_id=125","title":{"rendered":"Pierre Breno liest und (ver-)zaubert"},"content":{"rendered":"\n<p class=\"has-text-align-center\"><strong>Autorenlesen<\/strong><\/p>\n\n\n\n<p><strong>Mein Solo-Programm 2022\/2023<\/strong>:<\/p>\n\n\n\n\n\n<p><strong>Titel<\/strong><strong>:<\/strong><\/p>\n\n\n\n<p class=\"has-text-align-center has-vivid-red-color has-text-color has-medium-font-size\"><strong><u>PIERRE BRENO LIEST UND (VER-) ZAUBERT<\/u><\/strong><\/p>\n\n\n\n<p class=\"has-text-align-center has-small-font-size\">                                        Pierre Breno, Buchautor, tricktechnischer Berater, Schauspieler                                                                                      bietet sein Solo-Programm: <strong>PIERRE BRENO LIEST UND (VER-) ZAUBERT<\/strong><\/p>\n\n\n\n<p class=\"has-text-align-center\">Pierre Breno, der seit \u00fcber 50 Jahren auf der B\u00fchne steht, davon mehr als 30 Jahre als A-typischer Berufs-Zauberk\u00fcnstler mit internationaler Karriere verspricht, auf seine charmant lockere Art. einen am\u00fcsanten Abend mit Blick hinter die Kulissen seines Wirkens.<\/p>\n\n\n\n<p class=\"has-text-align-center has-vivid-cyan-blue-color has-text-color\">               <strong>\u201ePierre Breno. Anekdoten, Geschichten und Geschichtchen                                   aus dem Leben eines Berufs-Zauberk\u00fcnstlers&#8220;<\/strong><\/p>\n\n\n\n<p class=\"has-text-align-center has-vivid-green-cyan-color has-text-color\"><strong>ISBN 978-3-00-067206-4<\/strong><\/p>\n\n\n\n<p class=\"has-text-align-center\">und<\/p>\n\n\n\n<p class=\"has-text-align-center has-vivid-cyan-blue-color has-text-color\"><strong>\u201eTraumberuf: Zauberk\u00fcnstler!\u201c<\/strong><\/p>\n\n\n\n<p class=\"has-text-align-center has-vivid-green-cyan-color has-text-color\"><strong>ISBN 978- 3-00-007301-9<\/strong><\/p>\n\n\n\n<p class=\"has-text-align-center\">Die Veranstaltung ist f\u00fcr den kleinen und f\u00fcr den gro\u00dfen Rahmen bestens geeignet und bietet sich als kulturelles Highlight an.<\/p>\n\n\n\n<p class=\"has-text-align-center\"><strong>Derzeit noch in Bearbeitung:<\/strong><\/p>\n\n\n\n<p class=\"has-text-align-center has-vivid-cyan-blue-color has-text-color\"><strong>&#8222;Die Zauberkunst ist mein Metier&#8220;<\/strong><\/p>\n\n\n\n<p class=\"has-text-align-center has-vivid-green-cyan-color has-text-color\">ISBN___________________<\/p>\n\n\n\n<p class=\"has-text-align-center has-black-color has-text-color\">Bei Interesse, bitte ich um rechtzeitige Kontaktaufnahme. Die Dauer der Vorstellung kann als Eigenveranstaltung angeboten werden und als Engagement zu festen Konditionen. Dauer der Vorstellung ca. eine Stunde und drei\u00dfig Minuten oder auf Wunsch auch etwas l\u00e4nger. Individuelle Gestaltung m\u00f6glich.<\/p>\n\n\n\n<p class=\"has-text-align-center has-black-color has-text-color\"><\/p>\n\n\n\n<p><\/p>\n","protected":false},"excerpt":{"rendered":"<p>Autorenlesen Mein Solo-Programm 2022\/2023: Titel: PIERRE BRENO LIEST UND (VER-) ZAUBERT Pierre Breno, Buchautor, tricktechnischer Berater, Schauspieler bietet sein Solo-Programm: PIERRE BRENO LIEST UND (VER-) ZAUBERT Pierre Breno, der seit \u00fcber 50 Jahren auf der B\u00fchne steht, davon mehr als 30 Jahre als A-typischer Berufs-Zauberk\u00fcnstler mit internationaler Karriere verspricht, auf seine charmant lockere Art. einen am\u00fcsanten Abend mit Blick hinter<\/p>\n<p><a class=\"more-link\" href=\"https:\/\/zauberkunsttheater-breno.de\/?page_id=125\">Weiterlesen<\/a><\/p>\n","protected":false},"author":1,"featured_media":0,"parent":0,"menu_order":210,"comment_status":"closed","ping_status":"closed","template":"","meta":{"footnotes":""},"class_list":["post-125","page","type-page","status-publish","hentry"],"yoast_head":"<!-- This site is optimized with the Yoast SEO plugin v27.4 - https:\/\/yoast.com\/product\/yoast-seo-wordpress\/ -->\n<title>Pierre Breno liest und (ver-)zaubert - ZauberKunstTheater-Breno<\/title>\n<meta name=\"description\" content=\"Der Ingolst\u00e4dter Zauberk\u00fcnstler pierre-breno-liest aus seinen Werken und gibt Einblicke in auch hinter den Kulissen der Magie.\" \/>\n<meta name=\"robots\" content=\"index, follow, max-snippet:-1, max-image-preview:large, max-video-preview:-1\" \/>\n<link rel=\"canonical\" href=\"https:\/\/zauberkunsttheater-breno.de\/?page_id=125\" \/>\n<meta property=\"og:locale\" content=\"de_DE\" \/>\n<meta property=\"og:type\" content=\"article\" \/>\n<meta property=\"og:title\" content=\"Pierre Breno liest und (ver-)zaubert - ZauberKunstTheater-Breno\" \/>\n<meta property=\"og:description\" content=\"Der Ingolst\u00e4dter Zauberk\u00fcnstler pierre-breno-liest aus seinen Werken und gibt Einblicke in auch hinter den Kulissen der Magie.\" \/>\n<meta property=\"og:url\" content=\"https:\/\/zauberkunsttheater-breno.de\/?page_id=125\" \/>\n<meta property=\"og:site_name\" content=\"ZauberKunstTheater-Breno\" \/>\n<meta property=\"article:modified_time\" content=\"2022-11-27T07:37:36+00:00\" \/>\n<meta name=\"twitter:card\" content=\"summary_large_image\" \/>\n<meta name=\"twitter:label1\" content=\"Gesch\u00e4tzte Lesezeit\" \/>\n\t<meta name=\"twitter:data1\" content=\"2\u00a0Minuten\" \/>\n<script type=\"application\/ld+json\" class=\"yoast-schema-graph\">{\"@context\":\"https:\\\/\\\/schema.org\",\"@graph\":[{\"@type\":\"WebPage\",\"@id\":\"https:\\\/\\\/zauberkunsttheater-breno.de\\\/?page_id=125\",\"url\":\"https:\\\/\\\/zauberkunsttheater-breno.de\\\/?page_id=125\",\"name\":\"Pierre Breno liest und (ver-)zaubert - ZauberKunstTheater-Breno\",\"isPartOf\":{\"@id\":\"https:\\\/\\\/zauberkunsttheater-breno.de\\\/#website\"},\"datePublished\":\"2022-01-21T15:52:23+00:00\",\"dateModified\":\"2022-11-27T07:37:36+00:00\",\"description\":\"Der Ingolst\u00e4dter Zauberk\u00fcnstler pierre-breno-liest aus seinen Werken und gibt Einblicke in auch hinter den Kulissen der Magie.\",\"breadcrumb\":{\"@id\":\"https:\\\/\\\/zauberkunsttheater-breno.de\\\/?page_id=125#breadcrumb\"},\"inLanguage\":\"de\",\"potentialAction\":[{\"@type\":\"ReadAction\",\"target\":[\"https:\\\/\\\/zauberkunsttheater-breno.de\\\/?page_id=125\"]}]},{\"@type\":\"BreadcrumbList\",\"@id\":\"https:\\\/\\\/zauberkunsttheater-breno.de\\\/?page_id=125#breadcrumb\",\"itemListElement\":[{\"@type\":\"ListItem\",\"position\":1,\"name\":\"Startseite\",\"item\":\"https:\\\/\\\/zauberkunsttheater-breno.de\\\/\"},{\"@type\":\"ListItem\",\"position\":2,\"name\":\"Pierre Breno liest und (ver-)zaubert\"}]},{\"@type\":\"WebSite\",\"@id\":\"https:\\\/\\\/zauberkunsttheater-breno.de\\\/#website\",\"url\":\"https:\\\/\\\/zauberkunsttheater-breno.de\\\/\",\"name\":\"ZauberKunstTheater-Breno\",\"description\":\"\",\"publisher\":{\"@id\":\"https:\\\/\\\/zauberkunsttheater-breno.de\\\/#organization\"},\"potentialAction\":[{\"@type\":\"SearchAction\",\"target\":{\"@type\":\"EntryPoint\",\"urlTemplate\":\"https:\\\/\\\/zauberkunsttheater-breno.de\\\/?s={search_term_string}\"},\"query-input\":{\"@type\":\"PropertyValueSpecification\",\"valueRequired\":true,\"valueName\":\"search_term_string\"}}],\"inLanguage\":\"de\"},{\"@type\":\"Organization\",\"@id\":\"https:\\\/\\\/zauberkunsttheater-breno.de\\\/#organization\",\"name\":\"ZauberKunstTheater-Breno\",\"url\":\"https:\\\/\\\/zauberkunsttheater-breno.de\\\/\",\"logo\":{\"@type\":\"ImageObject\",\"inLanguage\":\"de\",\"@id\":\"https:\\\/\\\/zauberkunsttheater-breno.de\\\/#\\\/schema\\\/logo\\\/image\\\/\",\"url\":\"https:\\\/\\\/zauberkunsttheater-breno.de\\\/wp-content\\\/uploads\\\/2022\\\/01\\\/Breno_Startseite.jpeg\",\"contentUrl\":\"https:\\\/\\\/zauberkunsttheater-breno.de\\\/wp-content\\\/uploads\\\/2022\\\/01\\\/Breno_Startseite.jpeg\",\"width\":611,\"height\":598,\"caption\":\"ZauberKunstTheater-Breno\"},\"image\":{\"@id\":\"https:\\\/\\\/zauberkunsttheater-breno.de\\\/#\\\/schema\\\/logo\\\/image\\\/\"}}]}<\/script>\n<!-- \/ Yoast SEO plugin. -->","yoast_head_json":{"title":"Pierre Breno liest und (ver-)zaubert - ZauberKunstTheater-Breno","description":"Der Ingolst\u00e4dter Zauberk\u00fcnstler pierre-breno-liest aus seinen Werken und gibt Einblicke in auch hinter den Kulissen der Magie.","robots":{"index":"index","follow":"follow","max-snippet":"max-snippet:-1","max-image-preview":"max-image-preview:large","max-video-preview":"max-video-preview:-1"},"canonical":"https:\/\/zauberkunsttheater-breno.de\/?page_id=125","og_locale":"de_DE","og_type":"article","og_title":"Pierre Breno liest und (ver-)zaubert - ZauberKunstTheater-Breno","og_description":"Der Ingolst\u00e4dter Zauberk\u00fcnstler pierre-breno-liest aus seinen Werken und gibt Einblicke in auch hinter den Kulissen der Magie.","og_url":"https:\/\/zauberkunsttheater-breno.de\/?page_id=125","og_site_name":"ZauberKunstTheater-Breno","article_modified_time":"2022-11-27T07:37:36+00:00","twitter_card":"summary_large_image","twitter_misc":{"Gesch\u00e4tzte Lesezeit":"2\u00a0Minuten"},"schema":{"@context":"https:\/\/schema.org","@graph":[{"@type":"WebPage","@id":"https:\/\/zauberkunsttheater-breno.de\/?page_id=125","url":"https:\/\/zauberkunsttheater-breno.de\/?page_id=125","name":"Pierre Breno liest und (ver-)zaubert - ZauberKunstTheater-Breno","isPartOf":{"@id":"https:\/\/zauberkunsttheater-breno.de\/#website"},"datePublished":"2022-01-21T15:52:23+00:00","dateModified":"2022-11-27T07:37:36+00:00","description":"Der Ingolst\u00e4dter Zauberk\u00fcnstler pierre-breno-liest aus seinen Werken und gibt Einblicke in auch hinter den Kulissen der Magie.","breadcrumb":{"@id":"https:\/\/zauberkunsttheater-breno.de\/?page_id=125#breadcrumb"},"inLanguage":"de","potentialAction":[{"@type":"ReadAction","target":["https:\/\/zauberkunsttheater-breno.de\/?page_id=125"]}]},{"@type":"BreadcrumbList","@id":"https:\/\/zauberkunsttheater-breno.de\/?page_id=125#breadcrumb","itemListElement":[{"@type":"ListItem","position":1,"name":"Startseite","item":"https:\/\/zauberkunsttheater-breno.de\/"},{"@type":"ListItem","position":2,"name":"Pierre Breno liest und (ver-)zaubert"}]},{"@type":"WebSite","@id":"https:\/\/zauberkunsttheater-breno.de\/#website","url":"https:\/\/zauberkunsttheater-breno.de\/","name":"ZauberKunstTheater-Breno","description":"","publisher":{"@id":"https:\/\/zauberkunsttheater-breno.de\/#organization"},"potentialAction":[{"@type":"SearchAction","target":{"@type":"EntryPoint","urlTemplate":"https:\/\/zauberkunsttheater-breno.de\/?s={search_term_string}"},"query-input":{"@type":"PropertyValueSpecification","valueRequired":true,"valueName":"search_term_string"}}],"inLanguage":"de"},{"@type":"Organization","@id":"https:\/\/zauberkunsttheater-breno.de\/#organization","name":"ZauberKunstTheater-Breno","url":"https:\/\/zauberkunsttheater-breno.de\/","logo":{"@type":"ImageObject","inLanguage":"de","@id":"https:\/\/zauberkunsttheater-breno.de\/#\/schema\/logo\/image\/","url":"https:\/\/zauberkunsttheater-breno.de\/wp-content\/uploads\/2022\/01\/Breno_Startseite.jpeg","contentUrl":"https:\/\/zauberkunsttheater-breno.de\/wp-content\/uploads\/2022\/01\/Breno_Startseite.jpeg","width":611,"height":598,"caption":"ZauberKunstTheater-Breno"},"image":{"@id":"https:\/\/zauberkunsttheater-breno.de\/#\/schema\/logo\/image\/"}}]}},"_links":{"self":[{"href":"https:\/\/zauberkunsttheater-breno.de\/index.php?rest_route=\/wp\/v2\/pages\/125","targetHints":{"allow":["GET"]}}],"collection":[{"href":"https:\/\/zauberkunsttheater-breno.de\/index.php?rest_route=\/wp\/v2\/pages"}],"about":[{"href":"https:\/\/zauberkunsttheater-breno.de\/index.php?rest_route=\/wp\/v2\/types\/page"}],"author":[{"embeddable":true,"href":"https:\/\/zauberkunsttheater-breno.de\/index.php?rest_route=\/wp\/v2\/users\/1"}],"replies":[{"embeddable":true,"href":"https:\/\/zauberkunsttheater-breno.de\/index.php?rest_route=%2Fwp%2Fv2%2Fcomments&post=125"}],"version-history":[{"count":9,"href":"https:\/\/zauberkunsttheater-breno.de\/index.php?rest_route=\/wp\/v2\/pages\/125\/revisions"}],"predecessor-version":[{"id":508,"href":"https:\/\/zauberkunsttheater-breno.de\/index.php?rest_route=\/wp\/v2\/pages\/125\/revisions\/508"}],"wp:attachment":[{"href":"https:\/\/zauberkunsttheater-breno.de\/index.php?rest_route=%2Fwp%2Fv2%2Fmedia&parent=125"}],"curies":[{"name":"wp","href":"https:\/\/api.w.org\/{rel}","templated":true}]}}