{"id":1005,"date":"2026-02-18T16:04:36","date_gmt":"2026-02-18T16:04:36","guid":{"rendered":"https:\/\/zauberkunsttheater-breno.de\/?page_id=1005"},"modified":"2026-02-18T16:21:30","modified_gmt":"2026-02-18T16:21:30","slug":"literarisches","status":"publish","type":"page","link":"https:\/\/zauberkunsttheater-breno.de\/?page_id=1005","title":{"rendered":"Literarisches"},"content":{"rendered":"\n<p>Auf dieser Seite stelle ich Euch die von mir erschaffenen B\u00fccher vor. Jedes Buch habe ich mit Leidenschaft f\u00fcr den Beruf der Zauberkunst erstellt. Ich w\u00fcnsche Euch beim Lesen viel Vergn\u00fcgen. \u00dcber die Jahre sind so einige meiner Gedanken auf Papier gekommen, die ich mit Freude f\u00fcr Euch zusammengetragen habe.<\/p>\n\n\n\n<figure class=\"wp-block-image size-full\"><img loading=\"lazy\" decoding=\"async\" width=\"946\" height=\"586\" src=\"https:\/\/zauberkunsttheater-breno.de\/wp-content\/uploads\/2026\/02\/001-Homepage-Zauberkunstfiasko-5.jpg\" alt=\"Buch von Pierre Breno mit dem Titel &quot;Zauberkunstfiasko! Leidenschaft die Leiden schafft&quot;. Erschienen im Gisela Verlag 2026\" class=\"wp-image-977\" srcset=\"https:\/\/zauberkunsttheater-breno.de\/wp-content\/uploads\/2026\/02\/001-Homepage-Zauberkunstfiasko-5.jpg 946w, https:\/\/zauberkunsttheater-breno.de\/wp-content\/uploads\/2026\/02\/001-Homepage-Zauberkunstfiasko-5-300x186.jpg 300w, https:\/\/zauberkunsttheater-breno.de\/wp-content\/uploads\/2026\/02\/001-Homepage-Zauberkunstfiasko-5-768x476.jpg 768w, https:\/\/zauberkunsttheater-breno.de\/wp-content\/uploads\/2026\/02\/001-Homepage-Zauberkunstfiasko-5-800x496.jpg 800w\" sizes=\"auto, (max-width: 946px) 100vw, 946px\" \/><\/figure>\n\n\n<div class=\"wp-block-image\">\n<figure class=\"aligncenter size-full is-resized\"><img loading=\"lazy\" decoding=\"async\" width=\"297\" height=\"59\" src=\"https:\/\/zauberkunsttheater-breno.de\/wp-content\/uploads\/2022\/01\/Spielkartenfarben.png\" alt=\"Zeilenrenner mit Skatsymbolen\" class=\"wp-image-39\" style=\"width:191px\"\/><\/figure>\n<\/div>\n\n\n<figure class=\"wp-block-image size-large\"><img loading=\"lazy\" decoding=\"async\" width=\"1024\" height=\"635\" src=\"https:\/\/zauberkunsttheater-breno.de\/wp-content\/uploads\/2025\/02\/Gemaelde-in-Oel-und-Acryl-1024x635.png\" alt=\"Buch &quot;Gem\u00e4lde in \u00d6l und Acryl \nDigitalgrafiken \nKonkrete Kunst&quot;\nvon Pierre Breno. Erschienen 2025\" class=\"wp-image-883\" srcset=\"https:\/\/zauberkunsttheater-breno.de\/wp-content\/uploads\/2025\/02\/Gemaelde-in-Oel-und-Acryl-1024x635.png 1024w, https:\/\/zauberkunsttheater-breno.de\/wp-content\/uploads\/2025\/02\/Gemaelde-in-Oel-und-Acryl-300x186.png 300w, https:\/\/zauberkunsttheater-breno.de\/wp-content\/uploads\/2025\/02\/Gemaelde-in-Oel-und-Acryl-768x476.png 768w, https:\/\/zauberkunsttheater-breno.de\/wp-content\/uploads\/2025\/02\/Gemaelde-in-Oel-und-Acryl-800x496.png 800w, https:\/\/zauberkunsttheater-breno.de\/wp-content\/uploads\/2025\/02\/Gemaelde-in-Oel-und-Acryl.png 1483w\" sizes=\"auto, (max-width: 1024px) 100vw, 1024px\" \/><\/figure>\n\n\n<div class=\"wp-block-image\">\n<figure class=\"aligncenter size-full is-resized\"><img loading=\"lazy\" decoding=\"async\" width=\"297\" height=\"59\" src=\"https:\/\/zauberkunsttheater-breno.de\/wp-content\/uploads\/2022\/01\/Spielkartenfarben.png\" alt=\"Zeilenrenner mit Skatsymbolen\" class=\"wp-image-39\" style=\"width:191px\"\/><\/figure>\n<\/div>\n\n\n<figure class=\"wp-block-image size-full\"><img loading=\"lazy\" decoding=\"async\" width=\"946\" height=\"586\" src=\"https:\/\/zauberkunsttheater-breno.de\/wp-content\/uploads\/2023\/04\/Buecher-fuer-Homepage-Zaubern-fuer-Kids.jpg\" alt=\"Buch &quot;Zaubern f\u00fcr Kids. Der wunderbarste Job der Welt. Basiswissen f\u00fcr Amateure und angehende Profis&quot; von Pierre Breno.  Erschienen 2023\" class=\"wp-image-607\" srcset=\"https:\/\/zauberkunsttheater-breno.de\/wp-content\/uploads\/2023\/04\/Buecher-fuer-Homepage-Zaubern-fuer-Kids.jpg 946w, https:\/\/zauberkunsttheater-breno.de\/wp-content\/uploads\/2023\/04\/Buecher-fuer-Homepage-Zaubern-fuer-Kids-300x186.jpg 300w, https:\/\/zauberkunsttheater-breno.de\/wp-content\/uploads\/2023\/04\/Buecher-fuer-Homepage-Zaubern-fuer-Kids-768x476.jpg 768w, https:\/\/zauberkunsttheater-breno.de\/wp-content\/uploads\/2023\/04\/Buecher-fuer-Homepage-Zaubern-fuer-Kids-800x496.jpg 800w\" sizes=\"auto, (max-width: 946px) 100vw, 946px\" \/><\/figure>\n\n\n<div class=\"wp-block-image\">\n<figure class=\"aligncenter size-full is-resized\"><img loading=\"lazy\" decoding=\"async\" width=\"297\" height=\"59\" src=\"https:\/\/zauberkunsttheater-breno.de\/wp-content\/uploads\/2022\/01\/Spielkartenfarben.png\" alt=\"Zeilenrenner mit Skatsymbolen\" class=\"wp-image-39\" style=\"width:191px\"\/><\/figure>\n<\/div>\n\n\n<figure class=\"wp-block-image size-full\"><img loading=\"lazy\" decoding=\"async\" width=\"946\" height=\"586\" src=\"https:\/\/zauberkunsttheater-breno.de\/wp-content\/uploads\/2023\/04\/Buecher-fuer-Homepage-Zauberbilder.jpg\" alt=\"Buch &quot;ZauberBilder Gem\u00e4lde in Acryl, Bleistiftzeichnung&quot; von Pierre Breno. Erschienen im Gisela Verlag 2017\" class=\"wp-image-604\" srcset=\"https:\/\/zauberkunsttheater-breno.de\/wp-content\/uploads\/2023\/04\/Buecher-fuer-Homepage-Zauberbilder.jpg 946w, https:\/\/zauberkunsttheater-breno.de\/wp-content\/uploads\/2023\/04\/Buecher-fuer-Homepage-Zauberbilder-300x186.jpg 300w, https:\/\/zauberkunsttheater-breno.de\/wp-content\/uploads\/2023\/04\/Buecher-fuer-Homepage-Zauberbilder-768x476.jpg 768w, https:\/\/zauberkunsttheater-breno.de\/wp-content\/uploads\/2023\/04\/Buecher-fuer-Homepage-Zauberbilder-800x496.jpg 800w\" sizes=\"auto, (max-width: 946px) 100vw, 946px\" \/><\/figure>\n\n\n<div class=\"wp-block-image\">\n<figure class=\"aligncenter size-full is-resized\"><img loading=\"lazy\" decoding=\"async\" width=\"297\" height=\"59\" src=\"https:\/\/zauberkunsttheater-breno.de\/wp-content\/uploads\/2022\/01\/Spielkartenfarben.png\" alt=\"Zeilenrenner mit Skatsymbolen\" class=\"wp-image-39\" style=\"width:191px\"\/><\/figure>\n<\/div>\n\n\n<figure class=\"wp-block-image size-full\"><img loading=\"lazy\" decoding=\"async\" width=\"946\" height=\"586\" src=\"https:\/\/zauberkunsttheater-breno.de\/wp-content\/uploads\/2023\/04\/Buecher-fuer-Homepage-Geheims-Zauberbuecjlein.jpg\" alt=\"Buch &quot;Mein geheimes Zauberb\u00fcchlein, Tricks zum selber basteln&quot; von Pierre Breno. Erschienen im Gisela Verlag 2019\" class=\"wp-image-603\" srcset=\"https:\/\/zauberkunsttheater-breno.de\/wp-content\/uploads\/2023\/04\/Buecher-fuer-Homepage-Geheims-Zauberbuecjlein.jpg 946w, https:\/\/zauberkunsttheater-breno.de\/wp-content\/uploads\/2023\/04\/Buecher-fuer-Homepage-Geheims-Zauberbuecjlein-300x186.jpg 300w, https:\/\/zauberkunsttheater-breno.de\/wp-content\/uploads\/2023\/04\/Buecher-fuer-Homepage-Geheims-Zauberbuecjlein-768x476.jpg 768w, https:\/\/zauberkunsttheater-breno.de\/wp-content\/uploads\/2023\/04\/Buecher-fuer-Homepage-Geheims-Zauberbuecjlein-800x496.jpg 800w\" sizes=\"auto, (max-width: 946px) 100vw, 946px\" \/><\/figure>\n\n\n<div class=\"wp-block-image\">\n<figure class=\"aligncenter size-full is-resized\"><img loading=\"lazy\" decoding=\"async\" width=\"297\" height=\"59\" src=\"https:\/\/zauberkunsttheater-breno.de\/wp-content\/uploads\/2022\/01\/Spielkartenfarben.png\" alt=\"Zeilenrenner mit Skatsymbolen\" class=\"wp-image-39\" style=\"width:191px\"\/><\/figure>\n<\/div>\n\n\n<figure class=\"wp-block-image size-full\"><img loading=\"lazy\" decoding=\"async\" width=\"946\" height=\"586\" src=\"https:\/\/zauberkunsttheater-breno.de\/wp-content\/uploads\/2023\/04\/Buecher-fuer-Homepage-Zauberlehrlinge.jpg\" alt=\"Buch &quot;Zauberlehrlinge malen den Zauberer Pierre Breno&quot;. Erschienen im Gisela Verlag 2019\" class=\"wp-image-605\" srcset=\"https:\/\/zauberkunsttheater-breno.de\/wp-content\/uploads\/2023\/04\/Buecher-fuer-Homepage-Zauberlehrlinge.jpg 946w, https:\/\/zauberkunsttheater-breno.de\/wp-content\/uploads\/2023\/04\/Buecher-fuer-Homepage-Zauberlehrlinge-300x186.jpg 300w, https:\/\/zauberkunsttheater-breno.de\/wp-content\/uploads\/2023\/04\/Buecher-fuer-Homepage-Zauberlehrlinge-768x476.jpg 768w, https:\/\/zauberkunsttheater-breno.de\/wp-content\/uploads\/2023\/04\/Buecher-fuer-Homepage-Zauberlehrlinge-800x496.jpg 800w\" sizes=\"auto, (max-width: 946px) 100vw, 946px\" \/><\/figure>\n\n\n<div class=\"wp-block-image\">\n<figure class=\"aligncenter size-full is-resized\"><img loading=\"lazy\" decoding=\"async\" width=\"297\" height=\"59\" src=\"https:\/\/zauberkunsttheater-breno.de\/wp-content\/uploads\/2022\/01\/Spielkartenfarben.png\" alt=\"Zeilenrenner mit Skatsymbolen\" class=\"wp-image-39\" style=\"width:191px\"\/><\/figure>\n<\/div>\n\n\n<figure class=\"wp-block-image size-full\"><img loading=\"lazy\" decoding=\"async\" width=\"946\" height=\"586\" src=\"https:\/\/zauberkunsttheater-breno.de\/wp-content\/uploads\/2023\/04\/Buecher-fuer-Homepage-Traumberuf-Zauberer.jpg\" alt=\"Buch &quot;Traumberuf: Zauberk\u00fcnstler!&quot; von Pierre Breno. Erschienen im Gisela Verlag 2001\" class=\"wp-image-609\" srcset=\"https:\/\/zauberkunsttheater-breno.de\/wp-content\/uploads\/2023\/04\/Buecher-fuer-Homepage-Traumberuf-Zauberer.jpg 946w, https:\/\/zauberkunsttheater-breno.de\/wp-content\/uploads\/2023\/04\/Buecher-fuer-Homepage-Traumberuf-Zauberer-300x186.jpg 300w, https:\/\/zauberkunsttheater-breno.de\/wp-content\/uploads\/2023\/04\/Buecher-fuer-Homepage-Traumberuf-Zauberer-768x476.jpg 768w, https:\/\/zauberkunsttheater-breno.de\/wp-content\/uploads\/2023\/04\/Buecher-fuer-Homepage-Traumberuf-Zauberer-800x496.jpg 800w\" sizes=\"auto, (max-width: 946px) 100vw, 946px\" \/><\/figure>\n\n\n<div class=\"wp-block-image\">\n<figure class=\"aligncenter size-full is-resized\"><img loading=\"lazy\" decoding=\"async\" width=\"297\" height=\"59\" src=\"https:\/\/zauberkunsttheater-breno.de\/wp-content\/uploads\/2022\/01\/Spielkartenfarben.png\" alt=\"Zeilenrenner mit Skatsymbolen\" class=\"wp-image-39\" style=\"width:191px\"\/><\/figure>\n<\/div>\n\n\n<figure class=\"wp-block-image size-full\"><img loading=\"lazy\" decoding=\"async\" width=\"946\" height=\"586\" src=\"https:\/\/zauberkunsttheater-breno.de\/wp-content\/uploads\/2023\/07\/2023-Berufstraum-Homepage-2.jpg\" alt=\"Buch &quot;Vom Berufstraum zum Traumberuf&quot; von Pierre Breno. Erschienen im Gisela Verlag 2023\" class=\"wp-image-654\" srcset=\"https:\/\/zauberkunsttheater-breno.de\/wp-content\/uploads\/2023\/07\/2023-Berufstraum-Homepage-2.jpg 946w, https:\/\/zauberkunsttheater-breno.de\/wp-content\/uploads\/2023\/07\/2023-Berufstraum-Homepage-2-300x186.jpg 300w, https:\/\/zauberkunsttheater-breno.de\/wp-content\/uploads\/2023\/07\/2023-Berufstraum-Homepage-2-768x476.jpg 768w, https:\/\/zauberkunsttheater-breno.de\/wp-content\/uploads\/2023\/07\/2023-Berufstraum-Homepage-2-800x496.jpg 800w\" sizes=\"auto, (max-width: 946px) 100vw, 946px\" \/><\/figure>\n\n\n<div class=\"wp-block-image\">\n<figure class=\"aligncenter size-full is-resized\"><img loading=\"lazy\" decoding=\"async\" width=\"297\" height=\"59\" src=\"https:\/\/zauberkunsttheater-breno.de\/wp-content\/uploads\/2022\/01\/Spielkartenfarben.png\" alt=\"Zeilenrenner mit Skatsymbolen\" class=\"wp-image-39\" style=\"width:191px\"\/><\/figure>\n<\/div>\n\n\n<figure class=\"wp-block-image size-full\"><img loading=\"lazy\" decoding=\"async\" width=\"946\" height=\"586\" src=\"https:\/\/zauberkunsttheater-breno.de\/wp-content\/uploads\/2023\/04\/Buecher-fuer-Homepage-anekdoten.jpg\" alt=\"Buch &quot;Anekdoten, Geschichten und Geschichtchen aus dem Leben eines Berufs-Zauberk\u00fcnstlers&quot; von Pierre Breno. Erschienen im Gisela Verlag 2023\" class=\"wp-image-600\" srcset=\"https:\/\/zauberkunsttheater-breno.de\/wp-content\/uploads\/2023\/04\/Buecher-fuer-Homepage-anekdoten.jpg 946w, https:\/\/zauberkunsttheater-breno.de\/wp-content\/uploads\/2023\/04\/Buecher-fuer-Homepage-anekdoten-300x186.jpg 300w, https:\/\/zauberkunsttheater-breno.de\/wp-content\/uploads\/2023\/04\/Buecher-fuer-Homepage-anekdoten-768x476.jpg 768w, https:\/\/zauberkunsttheater-breno.de\/wp-content\/uploads\/2023\/04\/Buecher-fuer-Homepage-anekdoten-800x496.jpg 800w\" sizes=\"auto, (max-width: 946px) 100vw, 946px\" \/><\/figure>\n\n\n<div class=\"wp-block-image\">\n<figure class=\"aligncenter size-full is-resized\"><img loading=\"lazy\" decoding=\"async\" width=\"297\" height=\"59\" src=\"https:\/\/zauberkunsttheater-breno.de\/wp-content\/uploads\/2022\/01\/Spielkartenfarben.png\" alt=\"Zeilenrenner mit Skatsymbolen\" class=\"wp-image-39\" style=\"width:191px\"\/><\/figure>\n<\/div>\n\n\n<p><\/p>\n","protected":false},"excerpt":{"rendered":"<p>Auf dieser Seite stelle ich Euch die von mir erschaffenen B\u00fccher vor. Jedes Buch habe ich mit Leidenschaft f\u00fcr den Beruf der Zauberkunst erstellt. Ich w\u00fcnsche Euch beim Lesen viel Vergn\u00fcgen. \u00dcber die Jahre sind so einige meiner Gedanken auf Papier gekommen, die ich mit Freude f\u00fcr Euch zusammengetragen habe.<\/p>\n","protected":false},"author":1,"featured_media":0,"parent":0,"menu_order":200,"comment_status":"closed","ping_status":"closed","template":"","meta":{"footnotes":""},"class_list":["post-1005","page","type-page","status-publish","hentry"],"yoast_head":"<!-- This site is optimized with the Yoast SEO plugin v27.3 - https:\/\/yoast.com\/product\/yoast-seo-wordpress\/ -->\n<title>Literarisches - ZauberKunstTheater-Breno<\/title>\n<meta name=\"description\" content=\"Seite mit der Vorstellung der vom Autor Pierre Breno erschaffenen B\u00fccher zum Thema Zauberkunst, Zaubern, Magie und kreative Kunst.\" \/>\n<meta name=\"robots\" content=\"index, follow, max-snippet:-1, max-image-preview:large, max-video-preview:-1\" \/>\n<link rel=\"canonical\" href=\"https:\/\/zauberkunsttheater-breno.de\/?page_id=1005\" \/>\n<meta property=\"og:locale\" content=\"de_DE\" \/>\n<meta property=\"og:type\" content=\"article\" \/>\n<meta property=\"og:title\" content=\"Literarisches - ZauberKunstTheater-Breno\" \/>\n<meta property=\"og:description\" content=\"Seite mit der Vorstellung der vom Autor Pierre Breno erschaffenen B\u00fccher zum Thema Zauberkunst, Zaubern, Magie und kreative Kunst.\" \/>\n<meta property=\"og:url\" content=\"https:\/\/zauberkunsttheater-breno.de\/?page_id=1005\" \/>\n<meta property=\"og:site_name\" content=\"ZauberKunstTheater-Breno\" \/>\n<meta property=\"article:modified_time\" content=\"2026-02-18T16:21:30+00:00\" \/>\n<meta property=\"og:image\" content=\"https:\/\/zauberkunsttheater-breno.de\/wp-content\/uploads\/2026\/02\/001-Homepage-Zauberkunstfiasko-5.jpg\" \/>\n\t<meta property=\"og:image:width\" content=\"946\" \/>\n\t<meta property=\"og:image:height\" content=\"586\" \/>\n\t<meta property=\"og:image:type\" content=\"image\/jpeg\" \/>\n<meta name=\"twitter:card\" content=\"summary_large_image\" \/>\n<meta name=\"twitter:label1\" content=\"Gesch\u00e4tzte Lesezeit\" \/>\n\t<meta name=\"twitter:data1\" content=\"4\u00a0Minuten\" \/>\n<script type=\"application\/ld+json\" class=\"yoast-schema-graph\">{\"@context\":\"https:\\\/\\\/schema.org\",\"@graph\":[{\"@type\":\"WebPage\",\"@id\":\"https:\\\/\\\/zauberkunsttheater-breno.de\\\/?page_id=1005\",\"url\":\"https:\\\/\\\/zauberkunsttheater-breno.de\\\/?page_id=1005\",\"name\":\"Literarisches - ZauberKunstTheater-Breno\",\"isPartOf\":{\"@id\":\"https:\\\/\\\/zauberkunsttheater-breno.de\\\/#website\"},\"primaryImageOfPage\":{\"@id\":\"https:\\\/\\\/zauberkunsttheater-breno.de\\\/?page_id=1005#primaryimage\"},\"image\":{\"@id\":\"https:\\\/\\\/zauberkunsttheater-breno.de\\\/?page_id=1005#primaryimage\"},\"thumbnailUrl\":\"https:\\\/\\\/zauberkunsttheater-breno.de\\\/wp-content\\\/uploads\\\/2026\\\/02\\\/001-Homepage-Zauberkunstfiasko-5.jpg\",\"datePublished\":\"2026-02-18T16:04:36+00:00\",\"dateModified\":\"2026-02-18T16:21:30+00:00\",\"description\":\"Seite mit der Vorstellung der vom Autor Pierre Breno erschaffenen B\u00fccher zum Thema Zauberkunst, Zaubern, Magie und kreative Kunst.\",\"breadcrumb\":{\"@id\":\"https:\\\/\\\/zauberkunsttheater-breno.de\\\/?page_id=1005#breadcrumb\"},\"inLanguage\":\"de\",\"potentialAction\":[{\"@type\":\"ReadAction\",\"target\":[\"https:\\\/\\\/zauberkunsttheater-breno.de\\\/?page_id=1005\"]}]},{\"@type\":\"ImageObject\",\"inLanguage\":\"de\",\"@id\":\"https:\\\/\\\/zauberkunsttheater-breno.de\\\/?page_id=1005#primaryimage\",\"url\":\"https:\\\/\\\/zauberkunsttheater-breno.de\\\/wp-content\\\/uploads\\\/2026\\\/02\\\/001-Homepage-Zauberkunstfiasko-5.jpg\",\"contentUrl\":\"https:\\\/\\\/zauberkunsttheater-breno.de\\\/wp-content\\\/uploads\\\/2026\\\/02\\\/001-Homepage-Zauberkunstfiasko-5.jpg\",\"width\":946,\"height\":586},{\"@type\":\"BreadcrumbList\",\"@id\":\"https:\\\/\\\/zauberkunsttheater-breno.de\\\/?page_id=1005#breadcrumb\",\"itemListElement\":[{\"@type\":\"ListItem\",\"position\":1,\"name\":\"Startseite\",\"item\":\"https:\\\/\\\/zauberkunsttheater-breno.de\\\/\"},{\"@type\":\"ListItem\",\"position\":2,\"name\":\"Literarisches\"}]},{\"@type\":\"WebSite\",\"@id\":\"https:\\\/\\\/zauberkunsttheater-breno.de\\\/#website\",\"url\":\"https:\\\/\\\/zauberkunsttheater-breno.de\\\/\",\"name\":\"ZauberKunstTheater-Breno\",\"description\":\"\",\"publisher\":{\"@id\":\"https:\\\/\\\/zauberkunsttheater-breno.de\\\/#organization\"},\"potentialAction\":[{\"@type\":\"SearchAction\",\"target\":{\"@type\":\"EntryPoint\",\"urlTemplate\":\"https:\\\/\\\/zauberkunsttheater-breno.de\\\/?s={search_term_string}\"},\"query-input\":{\"@type\":\"PropertyValueSpecification\",\"valueRequired\":true,\"valueName\":\"search_term_string\"}}],\"inLanguage\":\"de\"},{\"@type\":\"Organization\",\"@id\":\"https:\\\/\\\/zauberkunsttheater-breno.de\\\/#organization\",\"name\":\"ZauberKunstTheater-Breno\",\"url\":\"https:\\\/\\\/zauberkunsttheater-breno.de\\\/\",\"logo\":{\"@type\":\"ImageObject\",\"inLanguage\":\"de\",\"@id\":\"https:\\\/\\\/zauberkunsttheater-breno.de\\\/#\\\/schema\\\/logo\\\/image\\\/\",\"url\":\"https:\\\/\\\/zauberkunsttheater-breno.de\\\/wp-content\\\/uploads\\\/2022\\\/01\\\/Breno_Startseite.jpeg\",\"contentUrl\":\"https:\\\/\\\/zauberkunsttheater-breno.de\\\/wp-content\\\/uploads\\\/2022\\\/01\\\/Breno_Startseite.jpeg\",\"width\":611,\"height\":598,\"caption\":\"ZauberKunstTheater-Breno\"},\"image\":{\"@id\":\"https:\\\/\\\/zauberkunsttheater-breno.de\\\/#\\\/schema\\\/logo\\\/image\\\/\"}}]}<\/script>\n<!-- \/ Yoast SEO plugin. -->","yoast_head_json":{"title":"Literarisches - ZauberKunstTheater-Breno","description":"Seite mit der Vorstellung der vom Autor Pierre Breno erschaffenen B\u00fccher zum Thema Zauberkunst, Zaubern, Magie und kreative Kunst.","robots":{"index":"index","follow":"follow","max-snippet":"max-snippet:-1","max-image-preview":"max-image-preview:large","max-video-preview":"max-video-preview:-1"},"canonical":"https:\/\/zauberkunsttheater-breno.de\/?page_id=1005","og_locale":"de_DE","og_type":"article","og_title":"Literarisches - ZauberKunstTheater-Breno","og_description":"Seite mit der Vorstellung der vom Autor Pierre Breno erschaffenen B\u00fccher zum Thema Zauberkunst, Zaubern, Magie und kreative Kunst.","og_url":"https:\/\/zauberkunsttheater-breno.de\/?page_id=1005","og_site_name":"ZauberKunstTheater-Breno","article_modified_time":"2026-02-18T16:21:30+00:00","og_image":[{"width":946,"height":586,"url":"https:\/\/zauberkunsttheater-breno.de\/wp-content\/uploads\/2026\/02\/001-Homepage-Zauberkunstfiasko-5.jpg","type":"image\/jpeg"}],"twitter_card":"summary_large_image","twitter_misc":{"Gesch\u00e4tzte Lesezeit":"4\u00a0Minuten"},"schema":{"@context":"https:\/\/schema.org","@graph":[{"@type":"WebPage","@id":"https:\/\/zauberkunsttheater-breno.de\/?page_id=1005","url":"https:\/\/zauberkunsttheater-breno.de\/?page_id=1005","name":"Literarisches - ZauberKunstTheater-Breno","isPartOf":{"@id":"https:\/\/zauberkunsttheater-breno.de\/#website"},"primaryImageOfPage":{"@id":"https:\/\/zauberkunsttheater-breno.de\/?page_id=1005#primaryimage"},"image":{"@id":"https:\/\/zauberkunsttheater-breno.de\/?page_id=1005#primaryimage"},"thumbnailUrl":"https:\/\/zauberkunsttheater-breno.de\/wp-content\/uploads\/2026\/02\/001-Homepage-Zauberkunstfiasko-5.jpg","datePublished":"2026-02-18T16:04:36+00:00","dateModified":"2026-02-18T16:21:30+00:00","description":"Seite mit der Vorstellung der vom Autor Pierre Breno erschaffenen B\u00fccher zum Thema Zauberkunst, Zaubern, Magie und kreative Kunst.","breadcrumb":{"@id":"https:\/\/zauberkunsttheater-breno.de\/?page_id=1005#breadcrumb"},"inLanguage":"de","potentialAction":[{"@type":"ReadAction","target":["https:\/\/zauberkunsttheater-breno.de\/?page_id=1005"]}]},{"@type":"ImageObject","inLanguage":"de","@id":"https:\/\/zauberkunsttheater-breno.de\/?page_id=1005#primaryimage","url":"https:\/\/zauberkunsttheater-breno.de\/wp-content\/uploads\/2026\/02\/001-Homepage-Zauberkunstfiasko-5.jpg","contentUrl":"https:\/\/zauberkunsttheater-breno.de\/wp-content\/uploads\/2026\/02\/001-Homepage-Zauberkunstfiasko-5.jpg","width":946,"height":586},{"@type":"BreadcrumbList","@id":"https:\/\/zauberkunsttheater-breno.de\/?page_id=1005#breadcrumb","itemListElement":[{"@type":"ListItem","position":1,"name":"Startseite","item":"https:\/\/zauberkunsttheater-breno.de\/"},{"@type":"ListItem","position":2,"name":"Literarisches"}]},{"@type":"WebSite","@id":"https:\/\/zauberkunsttheater-breno.de\/#website","url":"https:\/\/zauberkunsttheater-breno.de\/","name":"ZauberKunstTheater-Breno","description":"","publisher":{"@id":"https:\/\/zauberkunsttheater-breno.de\/#organization"},"potentialAction":[{"@type":"SearchAction","target":{"@type":"EntryPoint","urlTemplate":"https:\/\/zauberkunsttheater-breno.de\/?s={search_term_string}"},"query-input":{"@type":"PropertyValueSpecification","valueRequired":true,"valueName":"search_term_string"}}],"inLanguage":"de"},{"@type":"Organization","@id":"https:\/\/zauberkunsttheater-breno.de\/#organization","name":"ZauberKunstTheater-Breno","url":"https:\/\/zauberkunsttheater-breno.de\/","logo":{"@type":"ImageObject","inLanguage":"de","@id":"https:\/\/zauberkunsttheater-breno.de\/#\/schema\/logo\/image\/","url":"https:\/\/zauberkunsttheater-breno.de\/wp-content\/uploads\/2022\/01\/Breno_Startseite.jpeg","contentUrl":"https:\/\/zauberkunsttheater-breno.de\/wp-content\/uploads\/2022\/01\/Breno_Startseite.jpeg","width":611,"height":598,"caption":"ZauberKunstTheater-Breno"},"image":{"@id":"https:\/\/zauberkunsttheater-breno.de\/#\/schema\/logo\/image\/"}}]}},"_links":{"self":[{"href":"https:\/\/zauberkunsttheater-breno.de\/index.php?rest_route=\/wp\/v2\/pages\/1005","targetHints":{"allow":["GET"]}}],"collection":[{"href":"https:\/\/zauberkunsttheater-breno.de\/index.php?rest_route=\/wp\/v2\/pages"}],"about":[{"href":"https:\/\/zauberkunsttheater-breno.de\/index.php?rest_route=\/wp\/v2\/types\/page"}],"author":[{"embeddable":true,"href":"https:\/\/zauberkunsttheater-breno.de\/index.php?rest_route=\/wp\/v2\/users\/1"}],"replies":[{"embeddable":true,"href":"https:\/\/zauberkunsttheater-breno.de\/index.php?rest_route=%2Fwp%2Fv2%2Fcomments&post=1005"}],"version-history":[{"count":11,"href":"https:\/\/zauberkunsttheater-breno.de\/index.php?rest_route=\/wp\/v2\/pages\/1005\/revisions"}],"predecessor-version":[{"id":1020,"href":"https:\/\/zauberkunsttheater-breno.de\/index.php?rest_route=\/wp\/v2\/pages\/1005\/revisions\/1020"}],"wp:attachment":[{"href":"https:\/\/zauberkunsttheater-breno.de\/index.php?rest_route=%2Fwp%2Fv2%2Fmedia&parent=1005"}],"curies":[{"name":"wp","href":"https:\/\/api.w.org\/{rel}","templated":true}]}}